{"id":104,"date":"2015-02-26T22:49:04","date_gmt":"2015-02-26T20:49:04","guid":{"rendered":"http:\/\/www.stadtflitzerbude.de\/cms\/?page_id=104"},"modified":"2026-01-09T14:33:44","modified_gmt":"2026-01-09T12:33:44","slug":"ferienwohnung-inge","status":"publish","type":"page","link":"https:\/\/www.stadtflitzerbude.de\/cms\/wohnungen\/ferienwohnung-inge\/","title":{"rendered":"Ferienwohnung &#8222;Inge&#8220;"},"content":{"rendered":"<div id=\"pl-104\"  class=\"panel-layout\" ><div id=\"pg-104-0\"  class=\"panel-grid panel-no-style\" ><div id=\"pgc-104-0-0\"  class=\"panel-grid-cell\" ><div id=\"panel-104-0-0-0\" class=\"so-panel widget widget_sow-editor panel-first-child panel-last-child\" data-index=\"0\" ><div\n\t\t\t\n\t\t\tclass=\"so-widget-sow-editor so-widget-sow-editor-base\"\n\t\t\t\n\t\t>\n<div class=\"siteorigin-widget-tinymce textwidget\">\n\t<p style=\"text-align: left;\"><a href=\"https:\/\/www.stadtflitzerbude.de\/cms\/wp-content\/uploads\/2015\/02\/inge-1.jpg\" rel=\"lightbox\" data-rel=\"lightbox-image-0\" data-imagelightbox=\"0\" data-rl_title=\"\" data-rl_caption=\"\" title=\"\"><img loading=\"lazy\" decoding=\"async\" class=\"alignleft wp-image-146\" style=\"float: left; margin: 3px 10px 3px 0px;\" src=\"https:\/\/www.stadtflitzerbude.de\/cms\/wp-content\/uploads\/2015\/02\/inge-1-225x300.jpg\" alt=\"\" width=\"150\" height=\"200\" srcset=\"https:\/\/www.stadtflitzerbude.de\/cms\/wp-content\/uploads\/2015\/02\/inge-1-225x300.jpg 225w, https:\/\/www.stadtflitzerbude.de\/cms\/wp-content\/uploads\/2015\/02\/inge-1.jpg 500w\" sizes=\"auto, (max-width: 150px) 100vw, 150px\" \/><\/a>Stilvoll Kaffeetrinken und ein St\u00fcckchen Dresdner Eierschecke dazu \u2013 das k\u00f6nnen Sie in der Ferienwohnung \"Inge\" genie\u00dfen. Der B\u00e4cker ist \u00fcbrigens gleich um die Ecke.<\/p>\n<p style=\"text-align: left;\">Helle luftige Ferienwohnung f\u00fcr vier Personen. Eine zus\u00e4tzliche Aufbettung ist nat\u00fcrlich jederzeit m\u00f6glich. Mindestmietzeit 2 N\u00e4chte.<\/p>\n<p>Jetzt NEU mit Klimaalage f\u00fcr den Sommer.<\/p>\n<p style=\"text-align: left;\">Im gro\u00dfz\u00fcgigen Wohnbereich finden Sie eine gem\u00fctliche Sitzgarnitur, ein Doppelbettsofa (1,80 m x 2,00 m), SAT-TV, Radio mit Kassette und CD und auch einen Schallplattenspieler.<\/p>\n<p style=\"text-align: left;\">Der K\u00fcchenbereich ist mit einem K\u00fchlschrank, Herd mit Backofen, einer Mikrowelle, einem Geschirrsp\u00fcler, einer Sp\u00fcle, einem Wasserkocher, einem Toaster, einer Kaffeemaschine, einem Hochtisch und vier St\u00fchlen ausgestattet.<\/p>\n<p style=\"text-align: left;\">Schlafzimmer mit zwei Betten und Kleiderschrank.<\/p>\n<p style=\"text-align: left;\">Das Bad ist mit gro\u00dfen Spiegeln, Dusche, Waschbecken und WC ausgestattet und besitzt ein Fenster.<\/p>\n<p>Wir haben f\u00fcr unsere G\u00e4ste ein W\u00e4schepaket vorbereitet: 2 Handt\u00fccher, Bettw\u00e4sche, Geschirrtuch.<br \/>\nBitte die Betten selbst beziehen und wieder abziehen.<\/p>\n<\/div>\n<\/div><\/div><\/div><\/div><div id=\"pg-104-1\"  class=\"panel-grid panel-no-style\" ><div id=\"pgc-104-1-0\"  class=\"panel-grid-cell panel-grid-cell-empty\" ><\/div><div id=\"pgc-104-1-1\"  class=\"panel-grid-cell panel-grid-cell-mobile-last\" ><div id=\"panel-104-1-1-0\" class=\"so-panel widget widget_sow-editor panel-first-child panel-last-child\" data-index=\"1\" ><div\n\t\t\t\n\t\t\tclass=\"so-widget-sow-editor so-widget-sow-editor-base\"\n\t\t\t\n\t\t>\n<div class=\"siteorigin-widget-tinymce textwidget\">\n\t<div class=\"rl-gallery-container splide rl-loading\" id=\"rl-gallery-container-1\" data-gallery_id=\"587\"> <div class=\"rl-gallery rl-basicslider-gallery splide__track rl-hover-effect-1 rl-hover-icon-2\" id=\"rl-gallery-1\" data-gallery_no=\"1\"> <ul class=\"splide__list\"> <li class=\"rl-gallery-item splide__slide\" data-thumb=\"https:\/\/www.stadtflitzerbude.de\/cms\/wp-content\/uploads\/2015\/02\/inge-DSC04055.jpg\"> <a href=\"https:\/\/www.stadtflitzerbude.de\/cms\/wp-content\/uploads\/2015\/02\/inge-DSC04055.jpg\" title=\"\" data-rl_title=\"\" class=\"rl-gallery-link\" data-rl_caption=\"\" data-rel=\"lightbox-gallery-1\"><img loading=\"lazy\" decoding=\"async\" src=\"https:\/\/www.stadtflitzerbude.de\/cms\/wp-content\/uploads\/2015\/02\/inge-DSC04055.jpg\" width=\"700\" height=\"466\" alt=\"\" \/><\/a> <\/li> <li class=\"rl-gallery-item splide__slide\" data-thumb=\"https:\/\/www.stadtflitzerbude.de\/cms\/wp-content\/uploads\/2025\/12\/20251202_135408.jpg\"> <a href=\"https:\/\/www.stadtflitzerbude.de\/cms\/wp-content\/uploads\/2025\/12\/20251202_135408.jpg\" title=\"\" data-rl_title=\"\" class=\"rl-gallery-link\" data-rl_caption=\"\" data-rel=\"lightbox-gallery-1\"><img loading=\"lazy\" decoding=\"async\" src=\"https:\/\/www.stadtflitzerbude.de\/cms\/wp-content\/uploads\/2025\/12\/20251202_135408.jpg\" width=\"960\" height=\"720\" alt=\"\" \/><\/a> <\/li> <li class=\"rl-gallery-item splide__slide\" data-thumb=\"https:\/\/www.stadtflitzerbude.de\/cms\/wp-content\/uploads\/2015\/02\/inge-5-large.jpg\"> <a href=\"https:\/\/www.stadtflitzerbude.de\/cms\/wp-content\/uploads\/2015\/02\/inge-5-large.jpg\" title=\"\" data-rl_title=\"\" class=\"rl-gallery-link\" data-rl_caption=\"\" data-rel=\"lightbox-gallery-1\"><img loading=\"lazy\" decoding=\"async\" src=\"https:\/\/www.stadtflitzerbude.de\/cms\/wp-content\/uploads\/2015\/02\/inge-5-large.jpg\" width=\"600\" height=\"900\" alt=\"\" \/><\/a> <\/li> <li class=\"rl-gallery-item splide__slide\" data-thumb=\"https:\/\/www.stadtflitzerbude.de\/cms\/wp-content\/uploads\/2015\/02\/inge-2.jpg\"> <a href=\"https:\/\/www.stadtflitzerbude.de\/cms\/wp-content\/uploads\/2015\/02\/inge-2.jpg\" title=\"\" data-rl_title=\"\" class=\"rl-gallery-link\" data-rl_caption=\"\" data-rel=\"lightbox-gallery-1\"><img loading=\"lazy\" decoding=\"async\" src=\"https:\/\/www.stadtflitzerbude.de\/cms\/wp-content\/uploads\/2015\/02\/inge-2.jpg\" width=\"600\" height=\"450\" alt=\"\" \/><\/a> <\/li> <li class=\"rl-gallery-item splide__slide\" data-thumb=\"https:\/\/www.stadtflitzerbude.de\/cms\/wp-content\/uploads\/2022\/03\/20220228_094022.jpg\"> <a href=\"https:\/\/www.stadtflitzerbude.de\/cms\/wp-content\/uploads\/2022\/03\/20220228_094022.jpg\" title=\"\" data-rl_title=\"\" class=\"rl-gallery-link\" data-rl_caption=\"\" data-rel=\"lightbox-gallery-1\"><img loading=\"lazy\" decoding=\"async\" src=\"https:\/\/www.stadtflitzerbude.de\/cms\/wp-content\/uploads\/2022\/03\/20220228_094022.jpg\" width=\"960\" height=\"720\" alt=\"\" \/><\/a> <\/li> <li class=\"rl-gallery-item splide__slide\" data-thumb=\"https:\/\/www.stadtflitzerbude.de\/cms\/wp-content\/uploads\/2022\/03\/20220228_094137.jpg\"> <a href=\"https:\/\/www.stadtflitzerbude.de\/cms\/wp-content\/uploads\/2022\/03\/20220228_094137.jpg\" title=\"\" data-rl_title=\"\" class=\"rl-gallery-link\" data-rl_caption=\"\" data-rel=\"lightbox-gallery-1\"><img loading=\"lazy\" decoding=\"async\" src=\"https:\/\/www.stadtflitzerbude.de\/cms\/wp-content\/uploads\/2022\/03\/20220228_094137.jpg\" width=\"960\" height=\"720\" alt=\"\" \/><\/a> <\/li> <li class=\"rl-gallery-item splide__slide\" data-thumb=\"https:\/\/www.stadtflitzerbude.de\/cms\/wp-content\/uploads\/2024\/01\/IMG-20240103-WA0009.jpg\"> <a href=\"https:\/\/www.stadtflitzerbude.de\/cms\/wp-content\/uploads\/2024\/01\/IMG-20240103-WA0009.jpg\" title=\"\" data-rl_title=\"\" class=\"rl-gallery-link\" data-rl_caption=\"\" data-rel=\"lightbox-gallery-1\"><img loading=\"lazy\" decoding=\"async\" src=\"https:\/\/www.stadtflitzerbude.de\/cms\/wp-content\/uploads\/2024\/01\/IMG-20240103-WA0009.jpg\" width=\"960\" height=\"720\" alt=\"\" \/><\/a> <\/li> <li class=\"rl-gallery-item splide__slide\" data-thumb=\"https:\/\/www.stadtflitzerbude.de\/cms\/wp-content\/uploads\/2024\/01\/IMG-20240104-WA0002.jpg\"> <a href=\"https:\/\/www.stadtflitzerbude.de\/cms\/wp-content\/uploads\/2024\/01\/IMG-20240104-WA0002.jpg\" title=\"\" data-rl_title=\"\" class=\"rl-gallery-link\" data-rl_caption=\"\" data-rel=\"lightbox-gallery-1\"><img loading=\"lazy\" decoding=\"async\" src=\"https:\/\/www.stadtflitzerbude.de\/cms\/wp-content\/uploads\/2024\/01\/IMG-20240104-WA0002.jpg\" width=\"800\" height=\"600\" alt=\"\" \/><\/a> <\/li> <li class=\"rl-gallery-item splide__slide\" data-thumb=\"https:\/\/www.stadtflitzerbude.de\/cms\/wp-content\/uploads\/2025\/12\/20251202_135517.jpg\"> <a href=\"https:\/\/www.stadtflitzerbude.de\/cms\/wp-content\/uploads\/2025\/12\/20251202_135517.jpg\" title=\"\" data-rl_title=\"\" class=\"rl-gallery-link\" data-rl_caption=\"\" data-rel=\"lightbox-gallery-1\"><img loading=\"lazy\" decoding=\"async\" src=\"https:\/\/www.stadtflitzerbude.de\/cms\/wp-content\/uploads\/2025\/12\/20251202_135517.jpg\" width=\"750\" height=\"1000\" alt=\"\" \/><\/a> <\/li> <li class=\"rl-gallery-item splide__slide\" data-thumb=\"https:\/\/www.stadtflitzerbude.de\/cms\/wp-content\/uploads\/2025\/12\/20251202_135427.jpg\"> <a href=\"https:\/\/www.stadtflitzerbude.de\/cms\/wp-content\/uploads\/2025\/12\/20251202_135427.jpg\" title=\"\" data-rl_title=\"\" class=\"rl-gallery-link\" data-rl_caption=\"\" data-rel=\"lightbox-gallery-1\"><img loading=\"lazy\" decoding=\"async\" src=\"https:\/\/www.stadtflitzerbude.de\/cms\/wp-content\/uploads\/2025\/12\/20251202_135427.jpg\" width=\"960\" height=\"720\" alt=\"\" \/><\/a> <\/li> <\/ul> <\/div> <\/div>\n<\/div>\n<\/div><\/div><\/div><div id=\"pgc-104-1-2\"  class=\"panel-grid-cell panel-grid-cell-empty\" ><\/div><\/div><div id=\"pg-104-2\"  class=\"panel-grid panel-no-style\" ><div id=\"pgc-104-2-0\"  class=\"panel-grid-cell\" ><div id=\"panel-104-2-0-0\" class=\"so-panel widget widget_sow-editor panel-first-child panel-last-child\" data-index=\"2\" ><div\n\t\t\t\n\t\t\tclass=\"so-widget-sow-editor so-widget-sow-editor-base\"\n\t\t\t\n\t\t>\n<div class=\"siteorigin-widget-tinymce textwidget\">\n\t<p style=\"text-align: left;\"><strong>Belegungsplan<\/strong><\/p>\n<p><iframe loading=\"lazy\" src=\"https:\/\/www.ferienzentrum.de\/home\/belegungsplan\/413598.html?5321\" name=\"app_kalender\" width=\"100%\" height=\"1400\" frameborder=\"0\"><\/iframe><\/p>\n<\/div>\n<\/div><\/div><\/div><\/div><\/div>","protected":false},"excerpt":{"rendered":"<p>Stilvoll Kaffeetrinken und ein St\u00fcckchen Dresdner Eierschecke dazu \u2013 das k\u00f6nnen Sie in der Ferienwohnung &#8222;Inge&#8220; genie\u00dfen. Der B\u00e4cker ist \u00fcbrigens gleich um die Ecke. Helle luftige Ferienwohnung f\u00fcr vier Personen. Eine zus\u00e4tzliche Aufbettung ist nat\u00fcrlich jederzeit m\u00f6glich. Mindestmietzeit 2 N\u00e4chte. Jetzt NEU mit Klimaalage f\u00fcr den Sommer. Im gro\u00dfz\u00fcgigen Wohnbereich finden Sie eine gem\u00fctliche Sitzgarnitur, ein Doppelbettsofa (1,80 m x 2,00 m), SAT-TV, Radio mit Kassette und CD und auch einen Schallplattenspieler. Der K\u00fcchenbereich ist mit einem K\u00fchlschrank, Herd mit Backofen, einer Mikrowelle, einem Geschirrsp\u00fcler, einer Sp\u00fcle, einem Wasserkocher, einem Toaster, einer Kaffeemaschine, einem Hochtisch und vier St\u00fchlen ausgestattet. Schlafzimmer mit zwei Betten und Kleiderschrank. Das Bad ist mit gro\u00dfen Spiegeln, Dusche, Waschbecken und WC ausgestattet und besitzt ein Fenster. Wir haben f\u00fcr unsere G\u00e4ste ein W\u00e4schepaket vorbereitet: 2 Handt\u00fccher, Bettw\u00e4sche, Geschirrtuch. Bitte die Betten selbst beziehen und wieder abziehen.<\/p>\n","protected":false},"author":1,"featured_media":0,"parent":101,"menu_order":3,"comment_status":"closed","ping_status":"closed","template":"","meta":{"footnotes":""},"class_list":["post-104","page","type-page","status-publish","hentry"],"yoast_head":"<!-- This site is optimized with the Yoast SEO plugin v27.3 - https:\/\/yoast.com\/product\/yoast-seo-wordpress\/ -->\n<title>Ferienwohnung &quot;Inge&quot; - Stadtflitzerbude<\/title>\n<meta name=\"description\" content=\"Ferienwohnung &quot;Inge&quot; in der Stadtflitzerwohnung in Dresden | Liebevoll eingerichtete Ferienwohnungen f\u00fcr Kurzbesuch und langen Urlaub\" \/>\n<meta name=\"robots\" content=\"index, follow, max-snippet:-1, max-image-preview:large, max-video-preview:-1\" \/>\n<link rel=\"canonical\" href=\"https:\/\/www.stadtflitzerbude.de\/cms\/wohnungen\/ferienwohnung-inge\/\" \/>\n<meta property=\"og:locale\" content=\"de_DE\" \/>\n<meta property=\"og:type\" content=\"article\" \/>\n<meta property=\"og:title\" content=\"Ferienwohnung &quot;Inge&quot; - Stadtflitzerbude\" \/>\n<meta property=\"og:description\" content=\"Ferienwohnung &quot;Inge&quot; in der Stadtflitzerwohnung in Dresden | Liebevoll eingerichtete Ferienwohnungen f\u00fcr Kurzbesuch und langen Urlaub\" \/>\n<meta property=\"og:url\" content=\"https:\/\/www.stadtflitzerbude.de\/cms\/wohnungen\/ferienwohnung-inge\/\" \/>\n<meta property=\"og:site_name\" content=\"Stadtflitzerbude\" \/>\n<meta property=\"article:modified_time\" content=\"2026-01-09T12:33:44+00:00\" \/>\n<meta property=\"og:image\" content=\"https:\/\/www.stadtflitzerbude.de\/cms\/wp-content\/uploads\/2015\/02\/inge-1.jpg\" \/>\n\t<meta property=\"og:image:width\" content=\"500\" \/>\n\t<meta property=\"og:image:height\" content=\"667\" \/>\n\t<meta property=\"og:image:type\" content=\"image\/jpeg\" \/>\n<meta name=\"twitter:label1\" content=\"Gesch\u00e4tzte Lesezeit\" \/>\n\t<meta name=\"twitter:data1\" content=\"3\u00a0Minuten\" \/>\n<script type=\"application\/ld+json\" class=\"yoast-schema-graph\">{\"@context\":\"https:\\\/\\\/schema.org\",\"@graph\":[{\"@type\":\"WebPage\",\"@id\":\"https:\\\/\\\/www.stadtflitzerbude.de\\\/cms\\\/wohnungen\\\/ferienwohnung-inge\\\/\",\"url\":\"https:\\\/\\\/www.stadtflitzerbude.de\\\/cms\\\/wohnungen\\\/ferienwohnung-inge\\\/\",\"name\":\"Ferienwohnung \\\"Inge\\\" - Stadtflitzerbude\",\"isPartOf\":{\"@id\":\"https:\\\/\\\/www.stadtflitzerbude.de\\\/cms\\\/#website\"},\"primaryImageOfPage\":{\"@id\":\"https:\\\/\\\/www.stadtflitzerbude.de\\\/cms\\\/wohnungen\\\/ferienwohnung-inge\\\/#primaryimage\"},\"image\":{\"@id\":\"https:\\\/\\\/www.stadtflitzerbude.de\\\/cms\\\/wohnungen\\\/ferienwohnung-inge\\\/#primaryimage\"},\"thumbnailUrl\":\"https:\\\/\\\/www.stadtflitzerbude.de\\\/cms\\\/wp-content\\\/uploads\\\/2015\\\/02\\\/inge-1-225x300.jpg\",\"datePublished\":\"2015-02-26T20:49:04+00:00\",\"dateModified\":\"2026-01-09T12:33:44+00:00\",\"description\":\"Ferienwohnung \\\"Inge\\\" in der Stadtflitzerwohnung in Dresden | Liebevoll eingerichtete Ferienwohnungen f\u00fcr Kurzbesuch und langen Urlaub\",\"breadcrumb\":{\"@id\":\"https:\\\/\\\/www.stadtflitzerbude.de\\\/cms\\\/wohnungen\\\/ferienwohnung-inge\\\/#breadcrumb\"},\"inLanguage\":\"de\",\"potentialAction\":[{\"@type\":\"ReadAction\",\"target\":[\"https:\\\/\\\/www.stadtflitzerbude.de\\\/cms\\\/wohnungen\\\/ferienwohnung-inge\\\/\"]}]},{\"@type\":\"ImageObject\",\"inLanguage\":\"de\",\"@id\":\"https:\\\/\\\/www.stadtflitzerbude.de\\\/cms\\\/wohnungen\\\/ferienwohnung-inge\\\/#primaryimage\",\"url\":\"https:\\\/\\\/www.stadtflitzerbude.de\\\/cms\\\/wp-content\\\/uploads\\\/2015\\\/02\\\/inge-1.jpg\",\"contentUrl\":\"https:\\\/\\\/www.stadtflitzerbude.de\\\/cms\\\/wp-content\\\/uploads\\\/2015\\\/02\\\/inge-1.jpg\",\"width\":500,\"height\":667},{\"@type\":\"BreadcrumbList\",\"@id\":\"https:\\\/\\\/www.stadtflitzerbude.de\\\/cms\\\/wohnungen\\\/ferienwohnung-inge\\\/#breadcrumb\",\"itemListElement\":[{\"@type\":\"ListItem\",\"position\":1,\"name\":\"Home\",\"item\":\"https:\\\/\\\/www.stadtflitzerbude.de\\\/cms\\\/\"},{\"@type\":\"ListItem\",\"position\":2,\"name\":\"Die Wohnungen\",\"item\":\"https:\\\/\\\/www.stadtflitzerbude.de\\\/cms\\\/wohnungen\\\/\"},{\"@type\":\"ListItem\",\"position\":3,\"name\":\"Ferienwohnung &#8222;Inge&#8220;\"}]},{\"@type\":\"WebSite\",\"@id\":\"https:\\\/\\\/www.stadtflitzerbude.de\\\/cms\\\/#website\",\"url\":\"https:\\\/\\\/www.stadtflitzerbude.de\\\/cms\\\/\",\"name\":\"Stadtflitzerbude\",\"description\":\"Ferienwohnungen in Dresden\",\"potentialAction\":[{\"@type\":\"SearchAction\",\"target\":{\"@type\":\"EntryPoint\",\"urlTemplate\":\"https:\\\/\\\/www.stadtflitzerbude.de\\\/cms\\\/?s={search_term_string}\"},\"query-input\":{\"@type\":\"PropertyValueSpecification\",\"valueRequired\":true,\"valueName\":\"search_term_string\"}}],\"inLanguage\":\"de\"}]}<\/script>\n<!-- \/ Yoast SEO plugin. -->","yoast_head_json":{"title":"Ferienwohnung \"Inge\" - Stadtflitzerbude","description":"Ferienwohnung \"Inge\" in der Stadtflitzerwohnung in Dresden | Liebevoll eingerichtete Ferienwohnungen f\u00fcr Kurzbesuch und langen Urlaub","robots":{"index":"index","follow":"follow","max-snippet":"max-snippet:-1","max-image-preview":"max-image-preview:large","max-video-preview":"max-video-preview:-1"},"canonical":"https:\/\/www.stadtflitzerbude.de\/cms\/wohnungen\/ferienwohnung-inge\/","og_locale":"de_DE","og_type":"article","og_title":"Ferienwohnung \"Inge\" - Stadtflitzerbude","og_description":"Ferienwohnung \"Inge\" in der Stadtflitzerwohnung in Dresden | Liebevoll eingerichtete Ferienwohnungen f\u00fcr Kurzbesuch und langen Urlaub","og_url":"https:\/\/www.stadtflitzerbude.de\/cms\/wohnungen\/ferienwohnung-inge\/","og_site_name":"Stadtflitzerbude","article_modified_time":"2026-01-09T12:33:44+00:00","og_image":[{"width":500,"height":667,"url":"https:\/\/www.stadtflitzerbude.de\/cms\/wp-content\/uploads\/2015\/02\/inge-1.jpg","type":"image\/jpeg"}],"twitter_misc":{"Gesch\u00e4tzte Lesezeit":"3\u00a0Minuten"},"schema":{"@context":"https:\/\/schema.org","@graph":[{"@type":"WebPage","@id":"https:\/\/www.stadtflitzerbude.de\/cms\/wohnungen\/ferienwohnung-inge\/","url":"https:\/\/www.stadtflitzerbude.de\/cms\/wohnungen\/ferienwohnung-inge\/","name":"Ferienwohnung \"Inge\" - Stadtflitzerbude","isPartOf":{"@id":"https:\/\/www.stadtflitzerbude.de\/cms\/#website"},"primaryImageOfPage":{"@id":"https:\/\/www.stadtflitzerbude.de\/cms\/wohnungen\/ferienwohnung-inge\/#primaryimage"},"image":{"@id":"https:\/\/www.stadtflitzerbude.de\/cms\/wohnungen\/ferienwohnung-inge\/#primaryimage"},"thumbnailUrl":"https:\/\/www.stadtflitzerbude.de\/cms\/wp-content\/uploads\/2015\/02\/inge-1-225x300.jpg","datePublished":"2015-02-26T20:49:04+00:00","dateModified":"2026-01-09T12:33:44+00:00","description":"Ferienwohnung \"Inge\" in der Stadtflitzerwohnung in Dresden | Liebevoll eingerichtete Ferienwohnungen f\u00fcr Kurzbesuch und langen Urlaub","breadcrumb":{"@id":"https:\/\/www.stadtflitzerbude.de\/cms\/wohnungen\/ferienwohnung-inge\/#breadcrumb"},"inLanguage":"de","potentialAction":[{"@type":"ReadAction","target":["https:\/\/www.stadtflitzerbude.de\/cms\/wohnungen\/ferienwohnung-inge\/"]}]},{"@type":"ImageObject","inLanguage":"de","@id":"https:\/\/www.stadtflitzerbude.de\/cms\/wohnungen\/ferienwohnung-inge\/#primaryimage","url":"https:\/\/www.stadtflitzerbude.de\/cms\/wp-content\/uploads\/2015\/02\/inge-1.jpg","contentUrl":"https:\/\/www.stadtflitzerbude.de\/cms\/wp-content\/uploads\/2015\/02\/inge-1.jpg","width":500,"height":667},{"@type":"BreadcrumbList","@id":"https:\/\/www.stadtflitzerbude.de\/cms\/wohnungen\/ferienwohnung-inge\/#breadcrumb","itemListElement":[{"@type":"ListItem","position":1,"name":"Home","item":"https:\/\/www.stadtflitzerbude.de\/cms\/"},{"@type":"ListItem","position":2,"name":"Die Wohnungen","item":"https:\/\/www.stadtflitzerbude.de\/cms\/wohnungen\/"},{"@type":"ListItem","position":3,"name":"Ferienwohnung &#8222;Inge&#8220;"}]},{"@type":"WebSite","@id":"https:\/\/www.stadtflitzerbude.de\/cms\/#website","url":"https:\/\/www.stadtflitzerbude.de\/cms\/","name":"Stadtflitzerbude","description":"Ferienwohnungen in Dresden","potentialAction":[{"@type":"SearchAction","target":{"@type":"EntryPoint","urlTemplate":"https:\/\/www.stadtflitzerbude.de\/cms\/?s={search_term_string}"},"query-input":{"@type":"PropertyValueSpecification","valueRequired":true,"valueName":"search_term_string"}}],"inLanguage":"de"}]}},"_links":{"self":[{"href":"https:\/\/www.stadtflitzerbude.de\/cms\/wp-json\/wp\/v2\/pages\/104","targetHints":{"allow":["GET"]}}],"collection":[{"href":"https:\/\/www.stadtflitzerbude.de\/cms\/wp-json\/wp\/v2\/pages"}],"about":[{"href":"https:\/\/www.stadtflitzerbude.de\/cms\/wp-json\/wp\/v2\/types\/page"}],"author":[{"embeddable":true,"href":"https:\/\/www.stadtflitzerbude.de\/cms\/wp-json\/wp\/v2\/users\/1"}],"replies":[{"embeddable":true,"href":"https:\/\/www.stadtflitzerbude.de\/cms\/wp-json\/wp\/v2\/comments?post=104"}],"version-history":[{"count":41,"href":"https:\/\/www.stadtflitzerbude.de\/cms\/wp-json\/wp\/v2\/pages\/104\/revisions"}],"predecessor-version":[{"id":1082,"href":"https:\/\/www.stadtflitzerbude.de\/cms\/wp-json\/wp\/v2\/pages\/104\/revisions\/1082"}],"up":[{"embeddable":true,"href":"https:\/\/www.stadtflitzerbude.de\/cms\/wp-json\/wp\/v2\/pages\/101"}],"wp:attachment":[{"href":"https:\/\/www.stadtflitzerbude.de\/cms\/wp-json\/wp\/v2\/media?parent=104"}],"curies":[{"name":"wp","href":"https:\/\/api.w.org\/{rel}","templated":true}]}}