{"id":106,"date":"2015-02-26T22:49:06","date_gmt":"2015-02-26T20:49:06","guid":{"rendered":"http:\/\/www.stadtflitzerbude.de\/cms\/?page_id=106"},"modified":"2026-01-09T14:34:44","modified_gmt":"2026-01-09T12:34:44","slug":"ferienwohnung-stadtstreicher","status":"publish","type":"page","link":"https:\/\/www.stadtflitzerbude.de\/cms\/wohnungen\/ferienwohnung-stadtstreicher\/","title":{"rendered":"Ferienwohnung &#8222;Stadtstreicher&#8220;"},"content":{"rendered":"<div id=\"pl-106\"  class=\"panel-layout\" ><div id=\"pg-106-0\"  class=\"panel-grid panel-no-style\" ><div id=\"pgc-106-0-0\"  class=\"panel-grid-cell\" ><div id=\"panel-106-0-0-0\" class=\"so-panel widget widget_sow-editor panel-first-child panel-last-child\" data-index=\"0\" ><div\n\t\t\t\n\t\t\tclass=\"so-widget-sow-editor so-widget-sow-editor-base\"\n\t\t\t\n\t\t>\n<div class=\"siteorigin-widget-tinymce textwidget\">\n\t<p style=\"text-align: left;\"><a href=\"https:\/\/www.stadtflitzerbude.de\/cms\/wp-content\/uploads\/2015\/02\/stadt_1-large.jpg\" rel=\"lightbox\" data-rel=\"lightbox-image-0\" data-imagelightbox=\"0\" data-rl_title=\"\" data-rl_caption=\"\" title=\"\"><img loading=\"lazy\" decoding=\"async\" class=\"alignnone wp-image-84\" style=\"float: left; margin: 3px 10px 3px 0px;\" src=\"https:\/\/www.stadtflitzerbude.de\/cms\/wp-content\/uploads\/2015\/02\/stadt_1-large-225x300.jpg\" alt=\"\" width=\"150\" height=\"200\" srcset=\"https:\/\/www.stadtflitzerbude.de\/cms\/wp-content\/uploads\/2015\/02\/stadt_1-large-225x300.jpg 225w, https:\/\/www.stadtflitzerbude.de\/cms\/wp-content\/uploads\/2015\/02\/stadt_1-large.jpg 600w\" sizes=\"auto, (max-width: 150px) 100vw, 150px\" \/><\/a>Die gem\u00fctliche kleine Einraum-Ferienwohnung (25m\u00b2) \"Stadtstreicher\" im Erdgeschoss ist geeignet f\u00fcr bis zu vier Personen. Mindestmietzeit 2 N\u00e4chte.<\/p>\n<p style=\"text-align: left;\">Die Wohnung hat eine Fu\u00dfbodenheizung und angenehmen Laminatfu\u00dfboden.<\/p>\n<p style=\"text-align: left;\">Im Wohnraum finden Sie ein Schlafsofa (1,40 m x 2 m) und ein Bett (1,50 m x 2 m), einen Kleiderschrank, ist eingerichtet mit SAT-TV, Radio mit CD sowie einer K\u00fcchenzeile.<\/p>\n<p style=\"text-align: left;\">Diese K\u00fcchenzeile ist mit Sp\u00fcle, Wasserkocher, Toaster, Kaffeemaschine und zwei Elektro-Kochplatten ausgestattet.<\/p>\n<p style=\"text-align: left;\">Dazu geh\u00f6rt noch ein Hochtisch mit vier St\u00fchlen.<\/p>\n<p style=\"text-align: left;\">Im Vorraum steht ein K\u00fchlschrank und die Mikrowelle.<\/p>\n<p style=\"text-align: left;\">Das Badezimmer ist mit Dusche, Waschbecken und WC eingerichtet und hat ein Fenster.<\/p>\n<p>&nbsp;<\/p>\n<p>Wir haben f\u00fcr unsere G\u00e4ste ein W\u00e4schepaket vorbereitet: 2 Handt\u00fccher, Bettw\u00e4sche, Geschirrtuch.<br \/>\nBitte die Betten selbst beziehen und wieder abziehen.<\/p>\n<\/div>\n<\/div><\/div><\/div><\/div><div id=\"pg-106-1\"  class=\"panel-grid panel-no-style\" ><div id=\"pgc-106-1-0\"  class=\"panel-grid-cell panel-grid-cell-empty\" ><\/div><div id=\"pgc-106-1-1\"  class=\"panel-grid-cell panel-grid-cell-mobile-last\" ><div id=\"panel-106-1-1-0\" class=\"so-panel widget widget_sow-editor panel-first-child panel-last-child\" data-index=\"1\" ><div\n\t\t\t\n\t\t\tclass=\"so-widget-sow-editor so-widget-sow-editor-base\"\n\t\t\t\n\t\t>\n<div class=\"siteorigin-widget-tinymce textwidget\">\n\t<div class=\"rl-gallery-container splide rl-loading\" id=\"rl-gallery-container-1\" data-gallery_id=\"570\"> <div class=\"rl-gallery rl-basicslider-gallery splide__track rl-hover-effect-1 rl-hover-icon-2\" id=\"rl-gallery-1\" data-gallery_no=\"1\"> <ul class=\"splide__list\"> <li class=\"rl-gallery-item splide__slide\" data-thumb=\"https:\/\/www.stadtflitzerbude.de\/cms\/wp-content\/uploads\/2024\/01\/IMG-20240103-WA0008.jpg\"> <a href=\"https:\/\/www.stadtflitzerbude.de\/cms\/wp-content\/uploads\/2024\/01\/IMG-20240103-WA0008.jpg\" title=\"\" data-rl_title=\"\" class=\"rl-gallery-link\" data-rl_caption=\"\" data-rel=\"lightbox-gallery-1\"><img loading=\"lazy\" decoding=\"async\" src=\"https:\/\/www.stadtflitzerbude.de\/cms\/wp-content\/uploads\/2024\/01\/IMG-20240103-WA0008.jpg\" width=\"960\" height=\"720\" alt=\"\" \/><\/a> <\/li> <li class=\"rl-gallery-item splide__slide\" data-thumb=\"https:\/\/www.stadtflitzerbude.de\/cms\/wp-content\/uploads\/2021\/03\/DSC07449-1024x682.jpg\"> <a href=\"https:\/\/www.stadtflitzerbude.de\/cms\/wp-content\/uploads\/2021\/03\/DSC07449.jpg\" title=\"\" data-rl_title=\"\" class=\"rl-gallery-link\" data-rl_caption=\"\" data-rel=\"lightbox-gallery-1\"><img loading=\"lazy\" decoding=\"async\" src=\"https:\/\/www.stadtflitzerbude.de\/cms\/wp-content\/uploads\/2021\/03\/DSC07449-1024x682.jpg\" width=\"960\" height=\"639\" alt=\"\" \/><\/a> <\/li> <li class=\"rl-gallery-item splide__slide\" data-thumb=\"https:\/\/www.stadtflitzerbude.de\/cms\/wp-content\/uploads\/2025\/12\/20251202_140140.jpg\"> <a href=\"https:\/\/www.stadtflitzerbude.de\/cms\/wp-content\/uploads\/2025\/12\/20251202_140140.jpg\" title=\"\" data-rl_title=\"\" class=\"rl-gallery-link\" data-rl_caption=\"\" data-rel=\"lightbox-gallery-1\"><img loading=\"lazy\" decoding=\"async\" src=\"https:\/\/www.stadtflitzerbude.de\/cms\/wp-content\/uploads\/2025\/12\/20251202_140140.jpg\" width=\"960\" height=\"720\" alt=\"\" \/><\/a> <\/li> <li class=\"rl-gallery-item splide__slide\" data-thumb=\"https:\/\/www.stadtflitzerbude.de\/cms\/wp-content\/uploads\/2025\/12\/20251202_140134.jpg\"> <a href=\"https:\/\/www.stadtflitzerbude.de\/cms\/wp-content\/uploads\/2025\/12\/20251202_140134.jpg\" title=\"\" data-rl_title=\"\" class=\"rl-gallery-link\" data-rl_caption=\"\" data-rel=\"lightbox-gallery-1\"><img loading=\"lazy\" decoding=\"async\" src=\"https:\/\/www.stadtflitzerbude.de\/cms\/wp-content\/uploads\/2025\/12\/20251202_140134.jpg\" width=\"960\" height=\"720\" alt=\"\" \/><\/a> <\/li> <li class=\"rl-gallery-item splide__slide\" data-thumb=\"https:\/\/www.stadtflitzerbude.de\/cms\/wp-content\/uploads\/2015\/02\/stadt_5.jpg\"> <a href=\"https:\/\/www.stadtflitzerbude.de\/cms\/wp-content\/uploads\/2015\/02\/stadt_5.jpg\" title=\"\" data-rl_title=\"\" class=\"rl-gallery-link\" data-rl_caption=\"\" data-rel=\"lightbox-gallery-1\"><img loading=\"lazy\" decoding=\"async\" src=\"https:\/\/www.stadtflitzerbude.de\/cms\/wp-content\/uploads\/2015\/02\/stadt_5.jpg\" width=\"186\" height=\"139\" alt=\"\" \/><\/a> <\/li> <li class=\"rl-gallery-item splide__slide\" data-thumb=\"https:\/\/www.stadtflitzerbude.de\/cms\/wp-content\/uploads\/2020\/06\/DSCN3696-1024x768.jpg\"> <a href=\"https:\/\/www.stadtflitzerbude.de\/cms\/wp-content\/uploads\/2020\/06\/DSCN3696.jpg\" title=\"\" data-rl_title=\"\" class=\"rl-gallery-link\" data-rl_caption=\"\" data-rel=\"lightbox-gallery-1\"><img loading=\"lazy\" decoding=\"async\" src=\"https:\/\/www.stadtflitzerbude.de\/cms\/wp-content\/uploads\/2020\/06\/DSCN3696-1024x768.jpg\" width=\"960\" height=\"720\" alt=\"\" \/><\/a> <\/li> <li class=\"rl-gallery-item splide__slide\" data-thumb=\"https:\/\/www.stadtflitzerbude.de\/cms\/wp-content\/uploads\/2019\/03\/klein1-682x1024.jpg\"> <a href=\"https:\/\/www.stadtflitzerbude.de\/cms\/wp-content\/uploads\/2019\/03\/klein1.jpg\" title=\"\" data-rl_title=\"\" class=\"rl-gallery-link\" data-rl_caption=\"\" data-rel=\"lightbox-gallery-1\"><img loading=\"lazy\" decoding=\"async\" src=\"https:\/\/www.stadtflitzerbude.de\/cms\/wp-content\/uploads\/2019\/03\/klein1-682x1024.jpg\" width=\"682\" height=\"1024\" alt=\"\" \/><\/a> <\/li> <li class=\"rl-gallery-item splide__slide\" data-thumb=\"https:\/\/www.stadtflitzerbude.de\/cms\/wp-content\/uploads\/2025\/12\/20251202_140116.jpg\"> <a href=\"https:\/\/www.stadtflitzerbude.de\/cms\/wp-content\/uploads\/2025\/12\/20251202_140116.jpg\" title=\"\" data-rl_title=\"\" class=\"rl-gallery-link\" data-rl_caption=\"\" data-rel=\"lightbox-gallery-1\"><img loading=\"lazy\" decoding=\"async\" src=\"https:\/\/www.stadtflitzerbude.de\/cms\/wp-content\/uploads\/2025\/12\/20251202_140116.jpg\" width=\"750\" height=\"1000\" alt=\"\" \/><\/a> <\/li> <li class=\"rl-gallery-item splide__slide\" data-thumb=\"https:\/\/www.stadtflitzerbude.de\/cms\/wp-content\/uploads\/2025\/12\/20251202_140053.jpg\"> <a href=\"https:\/\/www.stadtflitzerbude.de\/cms\/wp-content\/uploads\/2025\/12\/20251202_140053.jpg\" title=\"\" data-rl_title=\"\" class=\"rl-gallery-link\" data-rl_caption=\"\" data-rel=\"lightbox-gallery-1\"><img loading=\"lazy\" decoding=\"async\" src=\"https:\/\/www.stadtflitzerbude.de\/cms\/wp-content\/uploads\/2025\/12\/20251202_140053.jpg\" width=\"750\" height=\"1000\" alt=\"\" \/><\/a> <\/li> <\/ul> <\/div> <\/div>\n<\/div>\n<\/div><\/div><\/div><div id=\"pgc-106-1-2\"  class=\"panel-grid-cell panel-grid-cell-empty\" ><\/div><\/div><div id=\"pg-106-2\"  class=\"panel-grid panel-no-style\" ><div id=\"pgc-106-2-0\"  class=\"panel-grid-cell\" ><div id=\"panel-106-2-0-0\" class=\"so-panel widget widget_sow-editor panel-first-child panel-last-child\" data-index=\"2\" ><div\n\t\t\t\n\t\t\tclass=\"so-widget-sow-editor so-widget-sow-editor-base\"\n\t\t\t\n\t\t>\n<div class=\"siteorigin-widget-tinymce textwidget\">\n\t<p style=\"text-align: left;\"><strong>Belegungskalender<\/strong><\/p>\n<p><iframe loading=\"lazy\" src=\"https:\/\/www.ferienzentrum.de\/home\/belegungsplan\/413598.html?6573\" name=\"app_kalender\" width=\"100%\" height=\"1400\" frameborder=\"0\"><\/iframe><\/p>\n<\/div>\n<\/div><\/div><\/div><\/div><\/div>","protected":false},"excerpt":{"rendered":"<p>Die gem\u00fctliche kleine Einraum-Ferienwohnung (25m\u00b2) &#8222;Stadtstreicher&#8220; im Erdgeschoss ist geeignet f\u00fcr bis zu vier Personen. Mindestmietzeit 2 N\u00e4chte. Die Wohnung hat eine Fu\u00dfbodenheizung und angenehmen Laminatfu\u00dfboden. Im Wohnraum finden Sie ein Schlafsofa (1,40 m x 2 m) und ein Bett (1,50 m x 2 m), einen Kleiderschrank, ist eingerichtet mit SAT-TV, Radio mit CD sowie einer K\u00fcchenzeile. Diese K\u00fcchenzeile ist mit Sp\u00fcle, Wasserkocher, Toaster, Kaffeemaschine und zwei Elektro-Kochplatten ausgestattet. Dazu geh\u00f6rt noch ein Hochtisch mit vier St\u00fchlen. Im Vorraum steht ein K\u00fchlschrank und die Mikrowelle. Das Badezimmer ist mit Dusche, Waschbecken und WC eingerichtet und hat ein Fenster. &nbsp; Wir haben f\u00fcr unsere G\u00e4ste ein W\u00e4schepaket vorbereitet: 2 Handt\u00fccher, Bettw\u00e4sche, Geschirrtuch. Bitte die Betten selbst beziehen und wieder abziehen.<\/p>\n","protected":false},"author":1,"featured_media":0,"parent":101,"menu_order":5,"comment_status":"closed","ping_status":"closed","template":"","meta":{"footnotes":""},"class_list":["post-106","page","type-page","status-publish","hentry"],"yoast_head":"<!-- This site is optimized with the Yoast SEO plugin v27.3 - https:\/\/yoast.com\/product\/yoast-seo-wordpress\/ -->\n<title>Ferienwohnung &quot;Stadtstreicher&quot; | Stadtflitzerbude Dresden<\/title>\n<meta name=\"description\" content=\"Ferienwohnung &quot;Stadtstreicher&quot; | Die gem\u00fctliche kleine Einraum-Ferienwohnung im Erdgeschoss mit Fu\u00dfbodenheizung und Laminat f\u00fcr bis zu vier Personen.\" \/>\n<meta name=\"robots\" content=\"index, follow, max-snippet:-1, max-image-preview:large, max-video-preview:-1\" \/>\n<link rel=\"canonical\" href=\"https:\/\/www.stadtflitzerbude.de\/cms\/wohnungen\/ferienwohnung-stadtstreicher\/\" \/>\n<meta property=\"og:locale\" content=\"de_DE\" \/>\n<meta property=\"og:type\" content=\"article\" \/>\n<meta property=\"og:title\" content=\"Ferienwohnung &quot;Stadtstreicher&quot; | Stadtflitzerbude Dresden\" \/>\n<meta property=\"og:description\" content=\"Ferienwohnung &quot;Stadtstreicher&quot; | Die gem\u00fctliche kleine Einraum-Ferienwohnung im Erdgeschoss mit Fu\u00dfbodenheizung und Laminat f\u00fcr bis zu vier Personen.\" \/>\n<meta property=\"og:url\" content=\"https:\/\/www.stadtflitzerbude.de\/cms\/wohnungen\/ferienwohnung-stadtstreicher\/\" \/>\n<meta property=\"og:site_name\" content=\"Stadtflitzerbude\" \/>\n<meta property=\"article:modified_time\" content=\"2026-01-09T12:34:44+00:00\" \/>\n<meta property=\"og:image\" content=\"https:\/\/www.stadtflitzerbude.de\/cms\/wp-content\/uploads\/2015\/02\/stadt_1-large.jpg\" \/>\n\t<meta property=\"og:image:width\" content=\"600\" \/>\n\t<meta property=\"og:image:height\" content=\"800\" \/>\n\t<meta property=\"og:image:type\" content=\"image\/jpeg\" \/>\n<meta name=\"twitter:label1\" content=\"Gesch\u00e4tzte Lesezeit\" \/>\n\t<meta name=\"twitter:data1\" content=\"3\u00a0Minuten\" \/>\n<script type=\"application\/ld+json\" class=\"yoast-schema-graph\">{\"@context\":\"https:\\\/\\\/schema.org\",\"@graph\":[{\"@type\":\"WebPage\",\"@id\":\"https:\\\/\\\/www.stadtflitzerbude.de\\\/cms\\\/wohnungen\\\/ferienwohnung-stadtstreicher\\\/\",\"url\":\"https:\\\/\\\/www.stadtflitzerbude.de\\\/cms\\\/wohnungen\\\/ferienwohnung-stadtstreicher\\\/\",\"name\":\"Ferienwohnung \\\"Stadtstreicher\\\" | Stadtflitzerbude Dresden\",\"isPartOf\":{\"@id\":\"https:\\\/\\\/www.stadtflitzerbude.de\\\/cms\\\/#website\"},\"primaryImageOfPage\":{\"@id\":\"https:\\\/\\\/www.stadtflitzerbude.de\\\/cms\\\/wohnungen\\\/ferienwohnung-stadtstreicher\\\/#primaryimage\"},\"image\":{\"@id\":\"https:\\\/\\\/www.stadtflitzerbude.de\\\/cms\\\/wohnungen\\\/ferienwohnung-stadtstreicher\\\/#primaryimage\"},\"thumbnailUrl\":\"https:\\\/\\\/www.stadtflitzerbude.de\\\/cms\\\/wp-content\\\/uploads\\\/2015\\\/02\\\/stadt_1-large-225x300.jpg\",\"datePublished\":\"2015-02-26T20:49:06+00:00\",\"dateModified\":\"2026-01-09T12:34:44+00:00\",\"description\":\"Ferienwohnung \\\"Stadtstreicher\\\" | Die gem\u00fctliche kleine Einraum-Ferienwohnung im Erdgeschoss mit Fu\u00dfbodenheizung und Laminat f\u00fcr bis zu vier Personen.\",\"breadcrumb\":{\"@id\":\"https:\\\/\\\/www.stadtflitzerbude.de\\\/cms\\\/wohnungen\\\/ferienwohnung-stadtstreicher\\\/#breadcrumb\"},\"inLanguage\":\"de\",\"potentialAction\":[{\"@type\":\"ReadAction\",\"target\":[\"https:\\\/\\\/www.stadtflitzerbude.de\\\/cms\\\/wohnungen\\\/ferienwohnung-stadtstreicher\\\/\"]}]},{\"@type\":\"ImageObject\",\"inLanguage\":\"de\",\"@id\":\"https:\\\/\\\/www.stadtflitzerbude.de\\\/cms\\\/wohnungen\\\/ferienwohnung-stadtstreicher\\\/#primaryimage\",\"url\":\"https:\\\/\\\/www.stadtflitzerbude.de\\\/cms\\\/wp-content\\\/uploads\\\/2015\\\/02\\\/stadt_1-large.jpg\",\"contentUrl\":\"https:\\\/\\\/www.stadtflitzerbude.de\\\/cms\\\/wp-content\\\/uploads\\\/2015\\\/02\\\/stadt_1-large.jpg\",\"width\":600,\"height\":800},{\"@type\":\"BreadcrumbList\",\"@id\":\"https:\\\/\\\/www.stadtflitzerbude.de\\\/cms\\\/wohnungen\\\/ferienwohnung-stadtstreicher\\\/#breadcrumb\",\"itemListElement\":[{\"@type\":\"ListItem\",\"position\":1,\"name\":\"Home\",\"item\":\"https:\\\/\\\/www.stadtflitzerbude.de\\\/cms\\\/\"},{\"@type\":\"ListItem\",\"position\":2,\"name\":\"Die Wohnungen\",\"item\":\"https:\\\/\\\/www.stadtflitzerbude.de\\\/cms\\\/wohnungen\\\/\"},{\"@type\":\"ListItem\",\"position\":3,\"name\":\"Ferienwohnung &#8222;Stadtstreicher&#8220;\"}]},{\"@type\":\"WebSite\",\"@id\":\"https:\\\/\\\/www.stadtflitzerbude.de\\\/cms\\\/#website\",\"url\":\"https:\\\/\\\/www.stadtflitzerbude.de\\\/cms\\\/\",\"name\":\"Stadtflitzerbude\",\"description\":\"Ferienwohnungen in Dresden\",\"potentialAction\":[{\"@type\":\"SearchAction\",\"target\":{\"@type\":\"EntryPoint\",\"urlTemplate\":\"https:\\\/\\\/www.stadtflitzerbude.de\\\/cms\\\/?s={search_term_string}\"},\"query-input\":{\"@type\":\"PropertyValueSpecification\",\"valueRequired\":true,\"valueName\":\"search_term_string\"}}],\"inLanguage\":\"de\"}]}<\/script>\n<!-- \/ Yoast SEO plugin. -->","yoast_head_json":{"title":"Ferienwohnung \"Stadtstreicher\" | Stadtflitzerbude Dresden","description":"Ferienwohnung \"Stadtstreicher\" | Die gem\u00fctliche kleine Einraum-Ferienwohnung im Erdgeschoss mit Fu\u00dfbodenheizung und Laminat f\u00fcr bis zu vier Personen.","robots":{"index":"index","follow":"follow","max-snippet":"max-snippet:-1","max-image-preview":"max-image-preview:large","max-video-preview":"max-video-preview:-1"},"canonical":"https:\/\/www.stadtflitzerbude.de\/cms\/wohnungen\/ferienwohnung-stadtstreicher\/","og_locale":"de_DE","og_type":"article","og_title":"Ferienwohnung \"Stadtstreicher\" | Stadtflitzerbude Dresden","og_description":"Ferienwohnung \"Stadtstreicher\" | Die gem\u00fctliche kleine Einraum-Ferienwohnung im Erdgeschoss mit Fu\u00dfbodenheizung und Laminat f\u00fcr bis zu vier Personen.","og_url":"https:\/\/www.stadtflitzerbude.de\/cms\/wohnungen\/ferienwohnung-stadtstreicher\/","og_site_name":"Stadtflitzerbude","article_modified_time":"2026-01-09T12:34:44+00:00","og_image":[{"width":600,"height":800,"url":"https:\/\/www.stadtflitzerbude.de\/cms\/wp-content\/uploads\/2015\/02\/stadt_1-large.jpg","type":"image\/jpeg"}],"twitter_misc":{"Gesch\u00e4tzte Lesezeit":"3\u00a0Minuten"},"schema":{"@context":"https:\/\/schema.org","@graph":[{"@type":"WebPage","@id":"https:\/\/www.stadtflitzerbude.de\/cms\/wohnungen\/ferienwohnung-stadtstreicher\/","url":"https:\/\/www.stadtflitzerbude.de\/cms\/wohnungen\/ferienwohnung-stadtstreicher\/","name":"Ferienwohnung \"Stadtstreicher\" | Stadtflitzerbude Dresden","isPartOf":{"@id":"https:\/\/www.stadtflitzerbude.de\/cms\/#website"},"primaryImageOfPage":{"@id":"https:\/\/www.stadtflitzerbude.de\/cms\/wohnungen\/ferienwohnung-stadtstreicher\/#primaryimage"},"image":{"@id":"https:\/\/www.stadtflitzerbude.de\/cms\/wohnungen\/ferienwohnung-stadtstreicher\/#primaryimage"},"thumbnailUrl":"https:\/\/www.stadtflitzerbude.de\/cms\/wp-content\/uploads\/2015\/02\/stadt_1-large-225x300.jpg","datePublished":"2015-02-26T20:49:06+00:00","dateModified":"2026-01-09T12:34:44+00:00","description":"Ferienwohnung \"Stadtstreicher\" | Die gem\u00fctliche kleine Einraum-Ferienwohnung im Erdgeschoss mit Fu\u00dfbodenheizung und Laminat f\u00fcr bis zu vier Personen.","breadcrumb":{"@id":"https:\/\/www.stadtflitzerbude.de\/cms\/wohnungen\/ferienwohnung-stadtstreicher\/#breadcrumb"},"inLanguage":"de","potentialAction":[{"@type":"ReadAction","target":["https:\/\/www.stadtflitzerbude.de\/cms\/wohnungen\/ferienwohnung-stadtstreicher\/"]}]},{"@type":"ImageObject","inLanguage":"de","@id":"https:\/\/www.stadtflitzerbude.de\/cms\/wohnungen\/ferienwohnung-stadtstreicher\/#primaryimage","url":"https:\/\/www.stadtflitzerbude.de\/cms\/wp-content\/uploads\/2015\/02\/stadt_1-large.jpg","contentUrl":"https:\/\/www.stadtflitzerbude.de\/cms\/wp-content\/uploads\/2015\/02\/stadt_1-large.jpg","width":600,"height":800},{"@type":"BreadcrumbList","@id":"https:\/\/www.stadtflitzerbude.de\/cms\/wohnungen\/ferienwohnung-stadtstreicher\/#breadcrumb","itemListElement":[{"@type":"ListItem","position":1,"name":"Home","item":"https:\/\/www.stadtflitzerbude.de\/cms\/"},{"@type":"ListItem","position":2,"name":"Die Wohnungen","item":"https:\/\/www.stadtflitzerbude.de\/cms\/wohnungen\/"},{"@type":"ListItem","position":3,"name":"Ferienwohnung &#8222;Stadtstreicher&#8220;"}]},{"@type":"WebSite","@id":"https:\/\/www.stadtflitzerbude.de\/cms\/#website","url":"https:\/\/www.stadtflitzerbude.de\/cms\/","name":"Stadtflitzerbude","description":"Ferienwohnungen in Dresden","potentialAction":[{"@type":"SearchAction","target":{"@type":"EntryPoint","urlTemplate":"https:\/\/www.stadtflitzerbude.de\/cms\/?s={search_term_string}"},"query-input":{"@type":"PropertyValueSpecification","valueRequired":true,"valueName":"search_term_string"}}],"inLanguage":"de"}]}},"_links":{"self":[{"href":"https:\/\/www.stadtflitzerbude.de\/cms\/wp-json\/wp\/v2\/pages\/106","targetHints":{"allow":["GET"]}}],"collection":[{"href":"https:\/\/www.stadtflitzerbude.de\/cms\/wp-json\/wp\/v2\/pages"}],"about":[{"href":"https:\/\/www.stadtflitzerbude.de\/cms\/wp-json\/wp\/v2\/types\/page"}],"author":[{"embeddable":true,"href":"https:\/\/www.stadtflitzerbude.de\/cms\/wp-json\/wp\/v2\/users\/1"}],"replies":[{"embeddable":true,"href":"https:\/\/www.stadtflitzerbude.de\/cms\/wp-json\/wp\/v2\/comments?post=106"}],"version-history":[{"count":33,"href":"https:\/\/www.stadtflitzerbude.de\/cms\/wp-json\/wp\/v2\/pages\/106\/revisions"}],"predecessor-version":[{"id":1084,"href":"https:\/\/www.stadtflitzerbude.de\/cms\/wp-json\/wp\/v2\/pages\/106\/revisions\/1084"}],"up":[{"embeddable":true,"href":"https:\/\/www.stadtflitzerbude.de\/cms\/wp-json\/wp\/v2\/pages\/101"}],"wp:attachment":[{"href":"https:\/\/www.stadtflitzerbude.de\/cms\/wp-json\/wp\/v2\/media?parent=106"}],"curies":[{"name":"wp","href":"https:\/\/api.w.org\/{rel}","templated":true}]}}