{"id":107,"date":"2015-02-26T22:49:07","date_gmt":"2015-02-26T20:49:07","guid":{"rendered":"http:\/\/www.stadtflitzerbude.de\/cms\/?page_id=107"},"modified":"2026-01-09T14:35:49","modified_gmt":"2026-01-09T12:35:49","slug":"opas-garage","status":"publish","type":"page","link":"https:\/\/www.stadtflitzerbude.de\/cms\/wohnungen\/opas-garage\/","title":{"rendered":"Opas Garage als Ferienwohnung"},"content":{"rendered":"<div id=\"pl-107\"  class=\"panel-layout\" ><div id=\"pg-107-0\"  class=\"panel-grid panel-no-style\" ><div id=\"pgc-107-0-0\"  class=\"panel-grid-cell\" ><div id=\"panel-107-0-0-0\" class=\"so-panel widget widget_sow-editor panel-first-child panel-last-child\" data-index=\"0\" ><div\n\t\t\t\n\t\t\tclass=\"so-widget-sow-editor so-widget-sow-editor-base\"\n\t\t\t\n\t\t>\n<div class=\"siteorigin-widget-tinymce textwidget\">\n\t<p style=\"text-align: left;\"><a href=\"https:\/\/www.stadtflitzerbude.de\/cms\/wp-content\/uploads\/2015\/02\/opa_1-large.jpg\" data-rel=\"lightbox-image-0\" data-imagelightbox=\"0\" data-rl_title=\"\" data-rl_caption=\"\" title=\"\"><img loading=\"lazy\" decoding=\"async\" class=\"alignleft wp-image-63\" src=\"https:\/\/www.stadtflitzerbude.de\/cms\/wp-content\/uploads\/2015\/02\/opa_1-large-225x300.jpg\" alt=\"\" width=\"150\" height=\"200\" srcset=\"https:\/\/www.stadtflitzerbude.de\/cms\/wp-content\/uploads\/2015\/02\/opa_1-large-225x300.jpg 225w, https:\/\/www.stadtflitzerbude.de\/cms\/wp-content\/uploads\/2015\/02\/opa_1-large.jpg 600w\" sizes=\"auto, (max-width: 150px) 100vw, 150px\" \/><\/a>Begib Dich auf eine Zeitreise in die abgesetzte Deutsche Demokratische Republik!<\/p>\n<p style=\"text-align: left;\">Aber es ist nicht alles alt. Sozialistische Hinterlassenschaften vermischen sich mit modernen kapitalistischen Konsumg\u00fctern aus dem Intershop.<\/p>\n<p style=\"text-align: left;\">\u00dcbernachte in unserem Trabi, mit passender Musik lassen wir dich in sch\u00f6nen Erinnerungen schwelgen oder Neues entdecken. Die gem\u00fctliche Einraumwohnung \u00fcberrascht mit vielen kleinen Details.<\/p>\n<p style=\"text-align: left;\">Im Wohnraum gibt es den Trabi als Doppelbett und ein Doppelbettsofa zum Schlafen. Am gro\u00dfen Bildschirm kannst Du Filme gucken oder Nintendo spielen. Oder wie w\u00e4re es mit Dart? Auf dem Spieleteppich k\u00f6nntest Du mit den Spieleautos die Stra\u00dfenverkehrsordnung \u00fcben.<\/p>\n<p style=\"text-align: left;\">In der K\u00fcchenzeile findet man eine Mikrowelle, Kaffeemaschine, Wasserkocher, Toaster und Geschirrsp\u00fcler.<\/p>\n<p style=\"text-align: left;\">Das Bad ist mit Dusche, Waschbecken und WC ausgestattet.<\/p>\n<p style=\"text-align: left;\">Vor der Wohnung gibt es eine kleine Sitzecke wo man an der frischen Dresdner Luft sitzen kann. Die Wohnung hat einen separaten Eingang. Mindestmietzeit 2 N\u00e4chte.<\/p>\n<p>&nbsp;<\/p>\n<p>Wir haben f\u00fcr unsere G\u00e4ste ein W\u00e4schepaket vorbereitet: 2 Handt\u00fccher, Bettw\u00e4sche, Geschirrtuch.<br \/>\nBitte die Betten selbst beziehen und wieder abziehen.<\/p>\n<\/div>\n<\/div><\/div><\/div><\/div><div id=\"pg-107-1\"  class=\"panel-grid panel-no-style\" ><div id=\"pgc-107-1-0\"  class=\"panel-grid-cell panel-grid-cell-empty\" ><\/div><div id=\"pgc-107-1-1\"  class=\"panel-grid-cell panel-grid-cell-mobile-last\" ><div id=\"panel-107-1-1-0\" class=\"so-panel widget widget_sow-editor panel-first-child panel-last-child\" data-index=\"1\" ><div\n\t\t\t\n\t\t\tclass=\"so-widget-sow-editor so-widget-sow-editor-base\"\n\t\t\t\n\t\t>\n<div class=\"siteorigin-widget-tinymce textwidget\">\n\t<div class=\"rl-gallery-container splide rl-loading\" id=\"rl-gallery-container-1\" data-gallery_id=\"594\"> <div class=\"rl-gallery rl-basicslider-gallery splide__track rl-hover-effect-1 rl-hover-icon-2\" id=\"rl-gallery-1\" data-gallery_no=\"1\"> <ul class=\"splide__list\"> <li class=\"rl-gallery-item splide__slide\" data-thumb=\"https:\/\/www.stadtflitzerbude.de\/cms\/wp-content\/uploads\/2015\/02\/opa_2-large.jpg\"> <a href=\"https:\/\/www.stadtflitzerbude.de\/cms\/wp-content\/uploads\/2015\/02\/opa_2-large.jpg\" title=\"\" data-rl_title=\"\" class=\"rl-gallery-link\" data-rl_caption=\"\" data-rel=\"lightbox-gallery-1\"><img loading=\"lazy\" decoding=\"async\" src=\"https:\/\/www.stadtflitzerbude.de\/cms\/wp-content\/uploads\/2015\/02\/opa_2-large.jpg\" width=\"600\" height=\"450\" alt=\"\" \/><\/a> <\/li> <li class=\"rl-gallery-item splide__slide\" data-thumb=\"https:\/\/www.stadtflitzerbude.de\/cms\/wp-content\/uploads\/2015\/02\/opa_3-large.jpg\"> <a href=\"https:\/\/www.stadtflitzerbude.de\/cms\/wp-content\/uploads\/2015\/02\/opa_3-large.jpg\" title=\"\" data-rl_title=\"\" class=\"rl-gallery-link\" data-rl_caption=\"\" data-rel=\"lightbox-gallery-1\"><img loading=\"lazy\" decoding=\"async\" src=\"https:\/\/www.stadtflitzerbude.de\/cms\/wp-content\/uploads\/2015\/02\/opa_3-large.jpg\" width=\"600\" height=\"450\" alt=\"\" \/><\/a> <\/li> <li class=\"rl-gallery-item splide__slide\" data-thumb=\"https:\/\/www.stadtflitzerbude.de\/cms\/wp-content\/uploads\/2015\/02\/opa_4-large.jpg\"> <a href=\"https:\/\/www.stadtflitzerbude.de\/cms\/wp-content\/uploads\/2015\/02\/opa_4-large.jpg\" title=\"\" data-rl_title=\"\" class=\"rl-gallery-link\" data-rl_caption=\"\" data-rel=\"lightbox-gallery-1\"><img loading=\"lazy\" decoding=\"async\" src=\"https:\/\/www.stadtflitzerbude.de\/cms\/wp-content\/uploads\/2015\/02\/opa_4-large.jpg\" width=\"600\" height=\"450\" alt=\"\" \/><\/a> <\/li> <li class=\"rl-gallery-item splide__slide\" data-thumb=\"https:\/\/www.stadtflitzerbude.de\/cms\/wp-content\/uploads\/2015\/02\/opa_5-large.jpg\"> <a href=\"https:\/\/www.stadtflitzerbude.de\/cms\/wp-content\/uploads\/2015\/02\/opa_5-large.jpg\" title=\"\" data-rl_title=\"\" class=\"rl-gallery-link\" data-rl_caption=\"\" data-rel=\"lightbox-gallery-1\"><img loading=\"lazy\" decoding=\"async\" src=\"https:\/\/www.stadtflitzerbude.de\/cms\/wp-content\/uploads\/2015\/02\/opa_5-large.jpg\" width=\"600\" height=\"450\" alt=\"\" \/><\/a> <\/li> <li class=\"rl-gallery-item splide__slide\" data-thumb=\"https:\/\/www.stadtflitzerbude.de\/cms\/wp-content\/uploads\/2015\/02\/opa_6-large.jpg\"> <a href=\"https:\/\/www.stadtflitzerbude.de\/cms\/wp-content\/uploads\/2015\/02\/opa_6-large.jpg\" title=\"\" data-rl_title=\"\" class=\"rl-gallery-link\" data-rl_caption=\"\" data-rel=\"lightbox-gallery-1\"><img loading=\"lazy\" decoding=\"async\" src=\"https:\/\/www.stadtflitzerbude.de\/cms\/wp-content\/uploads\/2015\/02\/opa_6-large.jpg\" width=\"600\" height=\"450\" alt=\"\" \/><\/a> <\/li> <li class=\"rl-gallery-item splide__slide\" data-thumb=\"https:\/\/www.stadtflitzerbude.de\/cms\/wp-content\/uploads\/2019\/03\/Dusche.jpg\"> <a href=\"https:\/\/www.stadtflitzerbude.de\/cms\/wp-content\/uploads\/2019\/03\/Dusche.jpg\" title=\"\" data-rl_title=\"\" class=\"rl-gallery-link\" data-rl_caption=\"\" data-rel=\"lightbox-gallery-1\"><img loading=\"lazy\" decoding=\"async\" src=\"https:\/\/www.stadtflitzerbude.de\/cms\/wp-content\/uploads\/2019\/03\/Dusche.jpg\" width=\"454\" height=\"682\" alt=\"\" \/><\/a> <\/li> <\/ul> <\/div> <\/div>\n<\/div>\n<\/div><\/div><\/div><div id=\"pgc-107-1-2\"  class=\"panel-grid-cell panel-grid-cell-empty\" ><\/div><\/div><div id=\"pg-107-2\"  class=\"panel-grid panel-no-style\" ><div id=\"pgc-107-2-0\"  class=\"panel-grid-cell\" ><div id=\"panel-107-2-0-0\" class=\"so-panel widget widget_sow-editor panel-first-child panel-last-child\" data-index=\"2\" ><div\n\t\t\t\n\t\t\tclass=\"so-widget-sow-editor so-widget-sow-editor-base\"\n\t\t\t\n\t\t>\n<div class=\"siteorigin-widget-tinymce textwidget\">\n\t<h4 style=\"text-align: center;\">Belegungskalender<\/h4>\n<p><iframe loading=\"lazy\" src=\"https:\/\/www.ferienzentrum.de\/home\/belegungsplan\/413598.html?12784\" name=\"app_kalender\" width=\"100%\" height=\"1400\" frameborder=\"0\"><\/iframe><br \/>\nUnd in der <a href=\"http:\/\/rostlaube-dresden.de\/\" target=\"_blank\" rel=\"noopener noreferrer\">Rostlaube Dresden<\/a> k\u00f6nnen auch noch Trabant und Wartburg f\u00fcr Touren durch Dresden gemietet werden.<\/p>\n<\/div>\n<\/div><\/div><\/div><\/div><\/div>","protected":false},"excerpt":{"rendered":"<p>Begib Dich auf eine Zeitreise in die abgesetzte Deutsche Demokratische Republik! Aber es ist nicht alles alt. Sozialistische Hinterlassenschaften vermischen sich mit modernen kapitalistischen Konsumg\u00fctern aus dem Intershop. \u00dcbernachte in unserem Trabi, mit passender Musik lassen wir dich in sch\u00f6nen Erinnerungen schwelgen oder Neues entdecken. Die gem\u00fctliche Einraumwohnung \u00fcberrascht mit vielen kleinen Details. Im Wohnraum gibt es den Trabi als Doppelbett und ein Doppelbettsofa zum Schlafen. Am gro\u00dfen Bildschirm kannst Du Filme gucken oder Nintendo spielen. Oder wie w\u00e4re es mit Dart? Auf dem Spieleteppich k\u00f6nntest Du mit den Spieleautos die Stra\u00dfenverkehrsordnung \u00fcben. In der K\u00fcchenzeile findet man eine Mikrowelle, Kaffeemaschine, Wasserkocher, Toaster und Geschirrsp\u00fcler. Das Bad ist mit Dusche, Waschbecken und WC ausgestattet. Vor der Wohnung gibt es eine kleine Sitzecke wo man an der frischen Dresdner Luft sitzen kann. Die Wohnung hat einen separaten Eingang. Mindestmietzeit 2 N\u00e4chte. &nbsp; Wir haben f\u00fcr unsere G\u00e4ste ein W\u00e4schepaket vorbereitet: 2 Handt\u00fccher, Bettw\u00e4sche, Geschirrtuch. Bitte die Betten selbst beziehen und wieder abziehen.<\/p>\n","protected":false},"author":1,"featured_media":0,"parent":101,"menu_order":7,"comment_status":"closed","ping_status":"closed","template":"","meta":{"footnotes":""},"class_list":["post-107","page","type-page","status-publish","hentry"],"yoast_head":"<!-- This site is optimized with the Yoast SEO plugin v27.3 - https:\/\/yoast.com\/product\/yoast-seo-wordpress\/ -->\n<title>Opas Garage als Ferienwohnung in Dresden-Pieschen<\/title>\n<meta name=\"description\" content=\"Opas Garage als Ferienwohnung | Begib Dich auf eine Zeitreise in die DDR! Sozialistische Hinterlassenschaften mischen sich mit kapitalistischen Konsumg\u00fctern\" \/>\n<meta name=\"robots\" content=\"index, follow, max-snippet:-1, max-image-preview:large, max-video-preview:-1\" \/>\n<link rel=\"canonical\" href=\"https:\/\/www.stadtflitzerbude.de\/cms\/wohnungen\/opas-garage\/\" \/>\n<meta property=\"og:locale\" content=\"de_DE\" \/>\n<meta property=\"og:type\" content=\"article\" \/>\n<meta property=\"og:title\" content=\"Opas Garage als Ferienwohnung in Dresden-Pieschen\" \/>\n<meta property=\"og:description\" content=\"Opas Garage als Ferienwohnung | Begib Dich auf eine Zeitreise in die DDR! Sozialistische Hinterlassenschaften mischen sich mit kapitalistischen Konsumg\u00fctern\" \/>\n<meta property=\"og:url\" content=\"https:\/\/www.stadtflitzerbude.de\/cms\/wohnungen\/opas-garage\/\" \/>\n<meta property=\"og:site_name\" content=\"Stadtflitzerbude\" \/>\n<meta property=\"article:modified_time\" content=\"2026-01-09T12:35:49+00:00\" \/>\n<meta property=\"og:image\" content=\"https:\/\/www.stadtflitzerbude.de\/cms\/wp-content\/uploads\/2015\/02\/opa_1-large.jpg\" \/>\n\t<meta property=\"og:image:width\" content=\"600\" \/>\n\t<meta property=\"og:image:height\" content=\"800\" \/>\n\t<meta property=\"og:image:type\" content=\"image\/jpeg\" \/>\n<meta name=\"twitter:label1\" content=\"Gesch\u00e4tzte Lesezeit\" \/>\n\t<meta name=\"twitter:data1\" content=\"3\u00a0Minuten\" \/>\n<script type=\"application\/ld+json\" class=\"yoast-schema-graph\">{\"@context\":\"https:\\\/\\\/schema.org\",\"@graph\":[{\"@type\":\"WebPage\",\"@id\":\"https:\\\/\\\/www.stadtflitzerbude.de\\\/cms\\\/wohnungen\\\/opas-garage\\\/\",\"url\":\"https:\\\/\\\/www.stadtflitzerbude.de\\\/cms\\\/wohnungen\\\/opas-garage\\\/\",\"name\":\"Opas Garage als Ferienwohnung in Dresden-Pieschen\",\"isPartOf\":{\"@id\":\"https:\\\/\\\/www.stadtflitzerbude.de\\\/cms\\\/#website\"},\"primaryImageOfPage\":{\"@id\":\"https:\\\/\\\/www.stadtflitzerbude.de\\\/cms\\\/wohnungen\\\/opas-garage\\\/#primaryimage\"},\"image\":{\"@id\":\"https:\\\/\\\/www.stadtflitzerbude.de\\\/cms\\\/wohnungen\\\/opas-garage\\\/#primaryimage\"},\"thumbnailUrl\":\"https:\\\/\\\/www.stadtflitzerbude.de\\\/cms\\\/wp-content\\\/uploads\\\/2015\\\/02\\\/opa_1-large-225x300.jpg\",\"datePublished\":\"2015-02-26T20:49:07+00:00\",\"dateModified\":\"2026-01-09T12:35:49+00:00\",\"description\":\"Opas Garage als Ferienwohnung | Begib Dich auf eine Zeitreise in die DDR! Sozialistische Hinterlassenschaften mischen sich mit kapitalistischen Konsumg\u00fctern\",\"breadcrumb\":{\"@id\":\"https:\\\/\\\/www.stadtflitzerbude.de\\\/cms\\\/wohnungen\\\/opas-garage\\\/#breadcrumb\"},\"inLanguage\":\"de\",\"potentialAction\":[{\"@type\":\"ReadAction\",\"target\":[\"https:\\\/\\\/www.stadtflitzerbude.de\\\/cms\\\/wohnungen\\\/opas-garage\\\/\"]}]},{\"@type\":\"ImageObject\",\"inLanguage\":\"de\",\"@id\":\"https:\\\/\\\/www.stadtflitzerbude.de\\\/cms\\\/wohnungen\\\/opas-garage\\\/#primaryimage\",\"url\":\"https:\\\/\\\/www.stadtflitzerbude.de\\\/cms\\\/wp-content\\\/uploads\\\/2015\\\/02\\\/opa_1-large.jpg\",\"contentUrl\":\"https:\\\/\\\/www.stadtflitzerbude.de\\\/cms\\\/wp-content\\\/uploads\\\/2015\\\/02\\\/opa_1-large.jpg\",\"width\":600,\"height\":800},{\"@type\":\"BreadcrumbList\",\"@id\":\"https:\\\/\\\/www.stadtflitzerbude.de\\\/cms\\\/wohnungen\\\/opas-garage\\\/#breadcrumb\",\"itemListElement\":[{\"@type\":\"ListItem\",\"position\":1,\"name\":\"Home\",\"item\":\"https:\\\/\\\/www.stadtflitzerbude.de\\\/cms\\\/\"},{\"@type\":\"ListItem\",\"position\":2,\"name\":\"Die Wohnungen\",\"item\":\"https:\\\/\\\/www.stadtflitzerbude.de\\\/cms\\\/wohnungen\\\/\"},{\"@type\":\"ListItem\",\"position\":3,\"name\":\"Opas Garage als Ferienwohnung\"}]},{\"@type\":\"WebSite\",\"@id\":\"https:\\\/\\\/www.stadtflitzerbude.de\\\/cms\\\/#website\",\"url\":\"https:\\\/\\\/www.stadtflitzerbude.de\\\/cms\\\/\",\"name\":\"Stadtflitzerbude\",\"description\":\"Ferienwohnungen in Dresden\",\"potentialAction\":[{\"@type\":\"SearchAction\",\"target\":{\"@type\":\"EntryPoint\",\"urlTemplate\":\"https:\\\/\\\/www.stadtflitzerbude.de\\\/cms\\\/?s={search_term_string}\"},\"query-input\":{\"@type\":\"PropertyValueSpecification\",\"valueRequired\":true,\"valueName\":\"search_term_string\"}}],\"inLanguage\":\"de\"}]}<\/script>\n<!-- \/ Yoast SEO plugin. -->","yoast_head_json":{"title":"Opas Garage als Ferienwohnung in Dresden-Pieschen","description":"Opas Garage als Ferienwohnung | Begib Dich auf eine Zeitreise in die DDR! Sozialistische Hinterlassenschaften mischen sich mit kapitalistischen Konsumg\u00fctern","robots":{"index":"index","follow":"follow","max-snippet":"max-snippet:-1","max-image-preview":"max-image-preview:large","max-video-preview":"max-video-preview:-1"},"canonical":"https:\/\/www.stadtflitzerbude.de\/cms\/wohnungen\/opas-garage\/","og_locale":"de_DE","og_type":"article","og_title":"Opas Garage als Ferienwohnung in Dresden-Pieschen","og_description":"Opas Garage als Ferienwohnung | Begib Dich auf eine Zeitreise in die DDR! Sozialistische Hinterlassenschaften mischen sich mit kapitalistischen Konsumg\u00fctern","og_url":"https:\/\/www.stadtflitzerbude.de\/cms\/wohnungen\/opas-garage\/","og_site_name":"Stadtflitzerbude","article_modified_time":"2026-01-09T12:35:49+00:00","og_image":[{"width":600,"height":800,"url":"https:\/\/www.stadtflitzerbude.de\/cms\/wp-content\/uploads\/2015\/02\/opa_1-large.jpg","type":"image\/jpeg"}],"twitter_misc":{"Gesch\u00e4tzte Lesezeit":"3\u00a0Minuten"},"schema":{"@context":"https:\/\/schema.org","@graph":[{"@type":"WebPage","@id":"https:\/\/www.stadtflitzerbude.de\/cms\/wohnungen\/opas-garage\/","url":"https:\/\/www.stadtflitzerbude.de\/cms\/wohnungen\/opas-garage\/","name":"Opas Garage als Ferienwohnung in Dresden-Pieschen","isPartOf":{"@id":"https:\/\/www.stadtflitzerbude.de\/cms\/#website"},"primaryImageOfPage":{"@id":"https:\/\/www.stadtflitzerbude.de\/cms\/wohnungen\/opas-garage\/#primaryimage"},"image":{"@id":"https:\/\/www.stadtflitzerbude.de\/cms\/wohnungen\/opas-garage\/#primaryimage"},"thumbnailUrl":"https:\/\/www.stadtflitzerbude.de\/cms\/wp-content\/uploads\/2015\/02\/opa_1-large-225x300.jpg","datePublished":"2015-02-26T20:49:07+00:00","dateModified":"2026-01-09T12:35:49+00:00","description":"Opas Garage als Ferienwohnung | Begib Dich auf eine Zeitreise in die DDR! Sozialistische Hinterlassenschaften mischen sich mit kapitalistischen Konsumg\u00fctern","breadcrumb":{"@id":"https:\/\/www.stadtflitzerbude.de\/cms\/wohnungen\/opas-garage\/#breadcrumb"},"inLanguage":"de","potentialAction":[{"@type":"ReadAction","target":["https:\/\/www.stadtflitzerbude.de\/cms\/wohnungen\/opas-garage\/"]}]},{"@type":"ImageObject","inLanguage":"de","@id":"https:\/\/www.stadtflitzerbude.de\/cms\/wohnungen\/opas-garage\/#primaryimage","url":"https:\/\/www.stadtflitzerbude.de\/cms\/wp-content\/uploads\/2015\/02\/opa_1-large.jpg","contentUrl":"https:\/\/www.stadtflitzerbude.de\/cms\/wp-content\/uploads\/2015\/02\/opa_1-large.jpg","width":600,"height":800},{"@type":"BreadcrumbList","@id":"https:\/\/www.stadtflitzerbude.de\/cms\/wohnungen\/opas-garage\/#breadcrumb","itemListElement":[{"@type":"ListItem","position":1,"name":"Home","item":"https:\/\/www.stadtflitzerbude.de\/cms\/"},{"@type":"ListItem","position":2,"name":"Die Wohnungen","item":"https:\/\/www.stadtflitzerbude.de\/cms\/wohnungen\/"},{"@type":"ListItem","position":3,"name":"Opas Garage als Ferienwohnung"}]},{"@type":"WebSite","@id":"https:\/\/www.stadtflitzerbude.de\/cms\/#website","url":"https:\/\/www.stadtflitzerbude.de\/cms\/","name":"Stadtflitzerbude","description":"Ferienwohnungen in Dresden","potentialAction":[{"@type":"SearchAction","target":{"@type":"EntryPoint","urlTemplate":"https:\/\/www.stadtflitzerbude.de\/cms\/?s={search_term_string}"},"query-input":{"@type":"PropertyValueSpecification","valueRequired":true,"valueName":"search_term_string"}}],"inLanguage":"de"}]}},"_links":{"self":[{"href":"https:\/\/www.stadtflitzerbude.de\/cms\/wp-json\/wp\/v2\/pages\/107","targetHints":{"allow":["GET"]}}],"collection":[{"href":"https:\/\/www.stadtflitzerbude.de\/cms\/wp-json\/wp\/v2\/pages"}],"about":[{"href":"https:\/\/www.stadtflitzerbude.de\/cms\/wp-json\/wp\/v2\/types\/page"}],"author":[{"embeddable":true,"href":"https:\/\/www.stadtflitzerbude.de\/cms\/wp-json\/wp\/v2\/users\/1"}],"replies":[{"embeddable":true,"href":"https:\/\/www.stadtflitzerbude.de\/cms\/wp-json\/wp\/v2\/comments?post=107"}],"version-history":[{"count":32,"href":"https:\/\/www.stadtflitzerbude.de\/cms\/wp-json\/wp\/v2\/pages\/107\/revisions"}],"predecessor-version":[{"id":1086,"href":"https:\/\/www.stadtflitzerbude.de\/cms\/wp-json\/wp\/v2\/pages\/107\/revisions\/1086"}],"up":[{"embeddable":true,"href":"https:\/\/www.stadtflitzerbude.de\/cms\/wp-json\/wp\/v2\/pages\/101"}],"wp:attachment":[{"href":"https:\/\/www.stadtflitzerbude.de\/cms\/wp-json\/wp\/v2\/media?parent=107"}],"curies":[{"name":"wp","href":"https:\/\/api.w.org\/{rel}","templated":true}]}}