{"id":110,"date":"2015-02-26T22:49:10","date_gmt":"2015-02-26T20:49:10","guid":{"rendered":"http:\/\/www.stadtflitzerbude.de\/cms\/?page_id=110"},"modified":"2024-11-08T15:19:43","modified_gmt":"2024-11-08T13:19:43","slug":"drum-herum","status":"publish","type":"page","link":"https:\/\/www.stadtflitzerbude.de\/cms\/drum-herum\/","title":{"rendered":"Drum herum"},"content":{"rendered":"<div id=\"pl-110\"  class=\"panel-layout\" ><div id=\"pg-110-0\"  class=\"panel-grid panel-no-style\" ><div id=\"pgc-110-0-0\"  class=\"panel-grid-cell\" ><div id=\"panel-110-0-0-0\" class=\"so-panel widget widget_sow-editor panel-first-child panel-last-child\" data-index=\"0\" ><div\n\t\t\t\n\t\t\tclass=\"so-widget-sow-editor so-widget-sow-editor-base\"\n\t\t\t\n\t\t>\n<div class=\"siteorigin-widget-tinymce textwidget\">\n\t<p><img loading=\"lazy\" decoding=\"async\" class=\"alignleft wp-image-397\" style=\"margin-top: 3px; margin-right: 10px; margin-left: 0px;\" src=\"https:\/\/www.stadtflitzerbude.de\/cms\/wp-content\/uploads\/2019\/01\/stadtflitzerbude-adam-dresden-moritzburg-ferienwohnung-169x300.jpg\" alt=\"stadtflitzerbude adam dresden moritzburg ferienwohnung\" width=\"200\" height=\"355\" srcset=\"https:\/\/www.stadtflitzerbude.de\/cms\/wp-content\/uploads\/2019\/01\/stadtflitzerbude-adam-dresden-moritzburg-ferienwohnung-169x300.jpg 169w, https:\/\/www.stadtflitzerbude.de\/cms\/wp-content\/uploads\/2019\/01\/stadtflitzerbude-adam-dresden-moritzburg-ferienwohnung-576x1024.jpg 576w, https:\/\/www.stadtflitzerbude.de\/cms\/wp-content\/uploads\/2019\/01\/stadtflitzerbude-adam-dresden-moritzburg-ferienwohnung.jpg 700w\" sizes=\"auto, (max-width: 200px) 100vw, 200px\" \/>Die Stadtflitzerbude liegt am Rand der \u00c4u\u00dferen Neustadt und dem Stadtteil Pieschen.<\/p>\n<p>In der unmittelbaren Umgebung der Stadtflitzerbude finden Sie gen\u00fcgend Gesch\u00e4fte zum Einkaufen. Die Haupteinkaufsstra\u00dfen sind die B\u00fcrgerstra\u00dfe, Oschatzer Stra\u00dfe und Leipziger Stra\u00dfe.<\/p>\n<p>Am Elbestrand, dem City Beach, kann man in der w\u00e4rmeren Jahreszeit im Liegestuhl die Sonne genie\u00dfen oder auch Volleyball spielen.<\/p>\n<p>F\u00fcr die Kinder gibt es sch\u00f6ne Spielpl\u00e4tze gleich gegen\u00fcber finden Sie den Lokomotivspielplatz. Desweiteren gleich in der N\u00e4he den Spielplatz Hartigstra\u00dfe oder das \u201eEselnest\u201c an der Elbe.<\/p>\n<p>Viele Gastst\u00e4tten warten auf Ihren Besuch. Hier eine kleine Auswahl unsere Lieblingsgastst\u00e4tten:<\/p>\n<ul>\n<li><span style=\"line-height: normal;\"><em>Ball- und Brauhaus Watzke mit Biergarten + Blick auf Dresden<\/em><\/span><\/li>\n<li><span style=\"line-height: normal;\"><em>Das beste Schnitzel gibt\u2019s im \u201eLandstreicher\u201c.\u00a0<\/em><\/span><\/li>\n<li><span style=\"line-height: normal;\"><em>Orientalische Gaumenfreuden im Restaurant <\/em><em>\u201e<\/em>Ali Baba\"<\/span><\/li>\n<\/ul>\n<p>F\u00fcr Nachtschw\u00e4rmer gibt es einige Clubs.<br \/>\nDie Konzertlocation \u201eAlter Schlachthof\u201c ist auch ganz nah.<br \/>\nDas Szeneviertel \u201e\u00c4u\u00dfere Neustadt\u201c ist gut erreichbar.<\/p>\n<\/div>\n<\/div><\/div><\/div><div id=\"pgc-110-0-1\"  class=\"panel-grid-cell\" ><div id=\"panel-110-0-1-0\" class=\"so-panel widget widget_sow-image panel-first-child\" data-index=\"1\" ><div\n\t\t\t\n\t\t\tclass=\"so-widget-sow-image so-widget-sow-image-default-8b5b6f678277-110\"\n\t\t\t\n\t\t>\n<div class=\"sow-image-container\">\n\t\t<img \n\tsrc=\"https:\/\/www.stadtflitzerbude.de\/cms\/wp-content\/uploads\/2015\/02\/DSC01268-large.jpg\" width=\"600\" height=\"450\" srcset=\"https:\/\/www.stadtflitzerbude.de\/cms\/wp-content\/uploads\/2015\/02\/DSC01268-large.jpg 600w, https:\/\/www.stadtflitzerbude.de\/cms\/wp-content\/uploads\/2015\/02\/DSC01268-large-300x225.jpg 300w\" sizes=\"(max-width: 600px) 100vw, 600px\" alt=\"\" \t\tclass=\"so-widget-image\"\/>\n\t<\/div>\n\n<\/div><\/div><div id=\"panel-110-0-1-1\" class=\"so-panel widget widget_sow-image\" data-index=\"2\" ><div\n\t\t\t\n\t\t\tclass=\"so-widget-sow-image so-widget-sow-image-default-8b5b6f678277-110\"\n\t\t\t\n\t\t>\n<div class=\"sow-image-container\">\n\t\t<img \n\tsrc=\"https:\/\/www.stadtflitzerbude.de\/cms\/wp-content\/uploads\/2015\/02\/DSC01302-large.jpg\" width=\"600\" height=\"450\" srcset=\"https:\/\/www.stadtflitzerbude.de\/cms\/wp-content\/uploads\/2015\/02\/DSC01302-large.jpg 600w, https:\/\/www.stadtflitzerbude.de\/cms\/wp-content\/uploads\/2015\/02\/DSC01302-large-300x225.jpg 300w\" sizes=\"(max-width: 600px) 100vw, 600px\" alt=\"\" \t\tclass=\"so-widget-image\"\/>\n\t<\/div>\n\n<\/div><\/div><div id=\"panel-110-0-1-2\" class=\"so-panel widget widget_sow-image\" data-index=\"3\" ><div\n\t\t\t\n\t\t\tclass=\"so-widget-sow-image so-widget-sow-image-default-8b5b6f678277-110\"\n\t\t\t\n\t\t>\n<div class=\"sow-image-container\">\n\t\t<img \n\tsrc=\"https:\/\/www.stadtflitzerbude.de\/cms\/wp-content\/uploads\/2015\/02\/DSC01307-large.jpg\" width=\"600\" height=\"450\" srcset=\"https:\/\/www.stadtflitzerbude.de\/cms\/wp-content\/uploads\/2015\/02\/DSC01307-large.jpg 600w, https:\/\/www.stadtflitzerbude.de\/cms\/wp-content\/uploads\/2015\/02\/DSC01307-large-300x225.jpg 300w\" sizes=\"(max-width: 600px) 100vw, 600px\" alt=\"\" \t\tclass=\"so-widget-image\"\/>\n\t<\/div>\n\n<\/div><\/div><div id=\"panel-110-0-1-3\" class=\"so-panel widget widget_sow-image panel-last-child\" data-index=\"4\" ><div\n\t\t\t\n\t\t\tclass=\"so-widget-sow-image so-widget-sow-image-default-8b5b6f678277-110\"\n\t\t\t\n\t\t>\n<div class=\"sow-image-container\">\n\t\t<img \n\tsrc=\"https:\/\/www.stadtflitzerbude.de\/cms\/wp-content\/uploads\/2015\/02\/DSC01314-large.jpg\" width=\"600\" height=\"450\" srcset=\"https:\/\/www.stadtflitzerbude.de\/cms\/wp-content\/uploads\/2015\/02\/DSC01314-large.jpg 600w, https:\/\/www.stadtflitzerbude.de\/cms\/wp-content\/uploads\/2015\/02\/DSC01314-large-300x225.jpg 300w\" sizes=\"(max-width: 600px) 100vw, 600px\" alt=\"\" \t\tclass=\"so-widget-image\"\/>\n\t<\/div>\n\n<\/div><\/div><\/div><\/div><\/div>","protected":false},"excerpt":{"rendered":"<p>Die Stadtflitzerbude liegt am Rand der \u00c4u\u00dferen Neustadt und dem Stadtteil Pieschen. In der unmittelbaren Umgebung der Stadtflitzerbude finden Sie gen\u00fcgend Gesch\u00e4fte zum Einkaufen. Die Haupteinkaufsstra\u00dfen sind die B\u00fcrgerstra\u00dfe, Oschatzer Stra\u00dfe und Leipziger Stra\u00dfe. Am Elbestrand, dem City Beach, kann man in der w\u00e4rmeren Jahreszeit im Liegestuhl die Sonne genie\u00dfen oder auch Volleyball spielen. F\u00fcr die Kinder gibt es sch\u00f6ne Spielpl\u00e4tze gleich gegen\u00fcber finden Sie den Lokomotivspielplatz. Desweiteren gleich in der N\u00e4he den Spielplatz Hartigstra\u00dfe oder das \u201eEselnest\u201c an der Elbe. Viele Gastst\u00e4tten warten auf Ihren Besuch. Hier eine kleine Auswahl unsere Lieblingsgastst\u00e4tten: Ball- und Brauhaus Watzke mit Biergarten + Blick auf Dresden Das beste Schnitzel gibt\u2019s im \u201eLandstreicher\u201c.\u00a0 Orientalische Gaumenfreuden im Restaurant \u201eAli Baba&#8220; F\u00fcr Nachtschw\u00e4rmer gibt es einige Clubs. Die Konzertlocation \u201eAlter Schlachthof\u201c ist auch ganz nah. Das Szeneviertel \u201e\u00c4u\u00dfere Neustadt\u201c ist gut erreichbar.<\/p>\n","protected":false},"author":1,"featured_media":0,"parent":0,"menu_order":11,"comment_status":"closed","ping_status":"open","template":"","meta":{"footnotes":""},"class_list":["post-110","page","type-page","status-publish","hentry"],"yoast_head":"<!-- This site is optimized with the Yoast SEO plugin v27.3 - https:\/\/yoast.com\/product\/yoast-seo-wordpress\/ -->\n<title>Drum herum - Stadtflitzerbude<\/title>\n<meta name=\"robots\" content=\"index, follow, max-snippet:-1, max-image-preview:large, max-video-preview:-1\" \/>\n<link rel=\"canonical\" href=\"https:\/\/www.stadtflitzerbude.de\/cms\/drum-herum\/\" \/>\n<meta property=\"og:locale\" content=\"de_DE\" \/>\n<meta property=\"og:type\" content=\"article\" \/>\n<meta property=\"og:title\" content=\"Drum herum - Stadtflitzerbude\" \/>\n<meta property=\"og:description\" content=\"Die Stadtflitzerbude liegt am Rand der \u00c4u\u00dferen Neustadt und dem Stadtteil Pieschen. In der unmittelbaren Umgebung der Stadtflitzerbude finden Sie gen\u00fcgend Gesch\u00e4fte zum Einkaufen. Die Haupteinkaufsstra\u00dfen sind die B\u00fcrgerstra\u00dfe, Oschatzer Stra\u00dfe und Leipziger Stra\u00dfe. Am Elbestrand, dem City Beach, kann man in der w\u00e4rmeren Jahreszeit im Liegestuhl die Sonne genie\u00dfen oder auch Volleyball spielen. F\u00fcr die Kinder gibt es sch\u00f6ne Spielpl\u00e4tze gleich gegen\u00fcber finden Sie den Lokomotivspielplatz. Desweiteren gleich in der N\u00e4he den Spielplatz Hartigstra\u00dfe oder das \u201eEselnest\u201c an der Elbe. Viele Gastst\u00e4tten warten auf Ihren Besuch. Hier eine kleine Auswahl unsere Lieblingsgastst\u00e4tten: Ball- und Brauhaus Watzke mit Biergarten + Blick auf Dresden Das beste Schnitzel gibt\u2019s im \u201eLandstreicher\u201c.\u00a0 Orientalische Gaumenfreuden im Restaurant \u201eAli Baba&quot; F\u00fcr Nachtschw\u00e4rmer gibt es einige Clubs. Die Konzertlocation \u201eAlter Schlachthof\u201c ist auch ganz nah. Das Szeneviertel \u201e\u00c4u\u00dfere Neustadt\u201c ist gut erreichbar.\" \/>\n<meta property=\"og:url\" content=\"https:\/\/www.stadtflitzerbude.de\/cms\/drum-herum\/\" \/>\n<meta property=\"og:site_name\" content=\"Stadtflitzerbude\" \/>\n<meta property=\"article:modified_time\" content=\"2024-11-08T13:19:43+00:00\" \/>\n<meta property=\"og:image\" content=\"https:\/\/www.stadtflitzerbude.de\/cms\/wp-content\/uploads\/2019\/01\/stadtflitzerbude-adam-dresden-moritzburg-ferienwohnung.jpg\" \/>\n\t<meta property=\"og:image:width\" content=\"700\" \/>\n\t<meta property=\"og:image:height\" content=\"1244\" \/>\n\t<meta property=\"og:image:type\" content=\"image\/jpeg\" \/>\n<meta name=\"twitter:label1\" content=\"Gesch\u00e4tzte Lesezeit\" \/>\n\t<meta name=\"twitter:data1\" content=\"2\u00a0Minuten\" \/>\n<script type=\"application\/ld+json\" class=\"yoast-schema-graph\">{\"@context\":\"https:\\\/\\\/schema.org\",\"@graph\":[{\"@type\":\"WebPage\",\"@id\":\"https:\\\/\\\/www.stadtflitzerbude.de\\\/cms\\\/drum-herum\\\/\",\"url\":\"https:\\\/\\\/www.stadtflitzerbude.de\\\/cms\\\/drum-herum\\\/\",\"name\":\"Drum herum - Stadtflitzerbude\",\"isPartOf\":{\"@id\":\"https:\\\/\\\/www.stadtflitzerbude.de\\\/cms\\\/#website\"},\"primaryImageOfPage\":{\"@id\":\"https:\\\/\\\/www.stadtflitzerbude.de\\\/cms\\\/drum-herum\\\/#primaryimage\"},\"image\":{\"@id\":\"https:\\\/\\\/www.stadtflitzerbude.de\\\/cms\\\/drum-herum\\\/#primaryimage\"},\"thumbnailUrl\":\"https:\\\/\\\/www.stadtflitzerbude.de\\\/cms\\\/wp-content\\\/uploads\\\/2019\\\/01\\\/stadtflitzerbude-adam-dresden-moritzburg-ferienwohnung-169x300.jpg\",\"datePublished\":\"2015-02-26T20:49:10+00:00\",\"dateModified\":\"2024-11-08T13:19:43+00:00\",\"breadcrumb\":{\"@id\":\"https:\\\/\\\/www.stadtflitzerbude.de\\\/cms\\\/drum-herum\\\/#breadcrumb\"},\"inLanguage\":\"de\",\"potentialAction\":[{\"@type\":\"ReadAction\",\"target\":[\"https:\\\/\\\/www.stadtflitzerbude.de\\\/cms\\\/drum-herum\\\/\"]}]},{\"@type\":\"ImageObject\",\"inLanguage\":\"de\",\"@id\":\"https:\\\/\\\/www.stadtflitzerbude.de\\\/cms\\\/drum-herum\\\/#primaryimage\",\"url\":\"https:\\\/\\\/www.stadtflitzerbude.de\\\/cms\\\/wp-content\\\/uploads\\\/2019\\\/01\\\/stadtflitzerbude-adam-dresden-moritzburg-ferienwohnung.jpg\",\"contentUrl\":\"https:\\\/\\\/www.stadtflitzerbude.de\\\/cms\\\/wp-content\\\/uploads\\\/2019\\\/01\\\/stadtflitzerbude-adam-dresden-moritzburg-ferienwohnung.jpg\",\"width\":700,\"height\":1244},{\"@type\":\"BreadcrumbList\",\"@id\":\"https:\\\/\\\/www.stadtflitzerbude.de\\\/cms\\\/drum-herum\\\/#breadcrumb\",\"itemListElement\":[{\"@type\":\"ListItem\",\"position\":1,\"name\":\"Home\",\"item\":\"https:\\\/\\\/www.stadtflitzerbude.de\\\/cms\\\/\"},{\"@type\":\"ListItem\",\"position\":2,\"name\":\"Drum herum\"}]},{\"@type\":\"WebSite\",\"@id\":\"https:\\\/\\\/www.stadtflitzerbude.de\\\/cms\\\/#website\",\"url\":\"https:\\\/\\\/www.stadtflitzerbude.de\\\/cms\\\/\",\"name\":\"Stadtflitzerbude\",\"description\":\"Ferienwohnungen in Dresden\",\"potentialAction\":[{\"@type\":\"SearchAction\",\"target\":{\"@type\":\"EntryPoint\",\"urlTemplate\":\"https:\\\/\\\/www.stadtflitzerbude.de\\\/cms\\\/?s={search_term_string}\"},\"query-input\":{\"@type\":\"PropertyValueSpecification\",\"valueRequired\":true,\"valueName\":\"search_term_string\"}}],\"inLanguage\":\"de\"}]}<\/script>\n<!-- \/ Yoast SEO plugin. -->","yoast_head_json":{"title":"Drum herum - Stadtflitzerbude","robots":{"index":"index","follow":"follow","max-snippet":"max-snippet:-1","max-image-preview":"max-image-preview:large","max-video-preview":"max-video-preview:-1"},"canonical":"https:\/\/www.stadtflitzerbude.de\/cms\/drum-herum\/","og_locale":"de_DE","og_type":"article","og_title":"Drum herum - Stadtflitzerbude","og_description":"Die Stadtflitzerbude liegt am Rand der \u00c4u\u00dferen Neustadt und dem Stadtteil Pieschen. In der unmittelbaren Umgebung der Stadtflitzerbude finden Sie gen\u00fcgend Gesch\u00e4fte zum Einkaufen. Die Haupteinkaufsstra\u00dfen sind die B\u00fcrgerstra\u00dfe, Oschatzer Stra\u00dfe und Leipziger Stra\u00dfe. Am Elbestrand, dem City Beach, kann man in der w\u00e4rmeren Jahreszeit im Liegestuhl die Sonne genie\u00dfen oder auch Volleyball spielen. F\u00fcr die Kinder gibt es sch\u00f6ne Spielpl\u00e4tze gleich gegen\u00fcber finden Sie den Lokomotivspielplatz. Desweiteren gleich in der N\u00e4he den Spielplatz Hartigstra\u00dfe oder das \u201eEselnest\u201c an der Elbe. Viele Gastst\u00e4tten warten auf Ihren Besuch. Hier eine kleine Auswahl unsere Lieblingsgastst\u00e4tten: Ball- und Brauhaus Watzke mit Biergarten + Blick auf Dresden Das beste Schnitzel gibt\u2019s im \u201eLandstreicher\u201c.\u00a0 Orientalische Gaumenfreuden im Restaurant \u201eAli Baba\" F\u00fcr Nachtschw\u00e4rmer gibt es einige Clubs. Die Konzertlocation \u201eAlter Schlachthof\u201c ist auch ganz nah. Das Szeneviertel \u201e\u00c4u\u00dfere Neustadt\u201c ist gut erreichbar.","og_url":"https:\/\/www.stadtflitzerbude.de\/cms\/drum-herum\/","og_site_name":"Stadtflitzerbude","article_modified_time":"2024-11-08T13:19:43+00:00","og_image":[{"width":700,"height":1244,"url":"https:\/\/www.stadtflitzerbude.de\/cms\/wp-content\/uploads\/2019\/01\/stadtflitzerbude-adam-dresden-moritzburg-ferienwohnung.jpg","type":"image\/jpeg"}],"twitter_misc":{"Gesch\u00e4tzte Lesezeit":"2\u00a0Minuten"},"schema":{"@context":"https:\/\/schema.org","@graph":[{"@type":"WebPage","@id":"https:\/\/www.stadtflitzerbude.de\/cms\/drum-herum\/","url":"https:\/\/www.stadtflitzerbude.de\/cms\/drum-herum\/","name":"Drum herum - Stadtflitzerbude","isPartOf":{"@id":"https:\/\/www.stadtflitzerbude.de\/cms\/#website"},"primaryImageOfPage":{"@id":"https:\/\/www.stadtflitzerbude.de\/cms\/drum-herum\/#primaryimage"},"image":{"@id":"https:\/\/www.stadtflitzerbude.de\/cms\/drum-herum\/#primaryimage"},"thumbnailUrl":"https:\/\/www.stadtflitzerbude.de\/cms\/wp-content\/uploads\/2019\/01\/stadtflitzerbude-adam-dresden-moritzburg-ferienwohnung-169x300.jpg","datePublished":"2015-02-26T20:49:10+00:00","dateModified":"2024-11-08T13:19:43+00:00","breadcrumb":{"@id":"https:\/\/www.stadtflitzerbude.de\/cms\/drum-herum\/#breadcrumb"},"inLanguage":"de","potentialAction":[{"@type":"ReadAction","target":["https:\/\/www.stadtflitzerbude.de\/cms\/drum-herum\/"]}]},{"@type":"ImageObject","inLanguage":"de","@id":"https:\/\/www.stadtflitzerbude.de\/cms\/drum-herum\/#primaryimage","url":"https:\/\/www.stadtflitzerbude.de\/cms\/wp-content\/uploads\/2019\/01\/stadtflitzerbude-adam-dresden-moritzburg-ferienwohnung.jpg","contentUrl":"https:\/\/www.stadtflitzerbude.de\/cms\/wp-content\/uploads\/2019\/01\/stadtflitzerbude-adam-dresden-moritzburg-ferienwohnung.jpg","width":700,"height":1244},{"@type":"BreadcrumbList","@id":"https:\/\/www.stadtflitzerbude.de\/cms\/drum-herum\/#breadcrumb","itemListElement":[{"@type":"ListItem","position":1,"name":"Home","item":"https:\/\/www.stadtflitzerbude.de\/cms\/"},{"@type":"ListItem","position":2,"name":"Drum herum"}]},{"@type":"WebSite","@id":"https:\/\/www.stadtflitzerbude.de\/cms\/#website","url":"https:\/\/www.stadtflitzerbude.de\/cms\/","name":"Stadtflitzerbude","description":"Ferienwohnungen in Dresden","potentialAction":[{"@type":"SearchAction","target":{"@type":"EntryPoint","urlTemplate":"https:\/\/www.stadtflitzerbude.de\/cms\/?s={search_term_string}"},"query-input":{"@type":"PropertyValueSpecification","valueRequired":true,"valueName":"search_term_string"}}],"inLanguage":"de"}]}},"_links":{"self":[{"href":"https:\/\/www.stadtflitzerbude.de\/cms\/wp-json\/wp\/v2\/pages\/110","targetHints":{"allow":["GET"]}}],"collection":[{"href":"https:\/\/www.stadtflitzerbude.de\/cms\/wp-json\/wp\/v2\/pages"}],"about":[{"href":"https:\/\/www.stadtflitzerbude.de\/cms\/wp-json\/wp\/v2\/types\/page"}],"author":[{"embeddable":true,"href":"https:\/\/www.stadtflitzerbude.de\/cms\/wp-json\/wp\/v2\/users\/1"}],"replies":[{"embeddable":true,"href":"https:\/\/www.stadtflitzerbude.de\/cms\/wp-json\/wp\/v2\/comments?post=110"}],"version-history":[{"count":17,"href":"https:\/\/www.stadtflitzerbude.de\/cms\/wp-json\/wp\/v2\/pages\/110\/revisions"}],"predecessor-version":[{"id":894,"href":"https:\/\/www.stadtflitzerbude.de\/cms\/wp-json\/wp\/v2\/pages\/110\/revisions\/894"}],"wp:attachment":[{"href":"https:\/\/www.stadtflitzerbude.de\/cms\/wp-json\/wp\/v2\/media?parent=110"}],"curies":[{"name":"wp","href":"https:\/\/api.w.org\/{rel}","templated":true}]}}