{"id":112,"date":"2015-02-26T22:49:12","date_gmt":"2015-02-26T20:49:12","guid":{"rendered":"http:\/\/www.stadtflitzerbude.de\/cms\/?page_id=112"},"modified":"2025-07-26T10:04:56","modified_gmt":"2025-07-26T08:04:56","slug":"impressum","status":"publish","type":"page","link":"https:\/\/www.stadtflitzerbude.de\/cms\/impressum\/","title":{"rendered":"Impressum"},"content":{"rendered":"<div id=\"pl-112\"  class=\"panel-layout\" ><div id=\"pg-112-0\"  class=\"panel-grid panel-no-style\" ><div id=\"pgc-112-0-0\"  class=\"panel-grid-cell\" ><div id=\"panel-112-0-0-0\" class=\"so-panel widget widget_sow-editor panel-first-child panel-last-child\" data-index=\"0\" ><div\n\t\t\t\n\t\t\tclass=\"so-widget-sow-editor so-widget-sow-editor-base\"\n\t\t\t\n\t\t>\n<div class=\"siteorigin-widget-tinymce textwidget\">\n\t<p>Die Stadtflitzerbude geh\u00f6rt zum G\u00e4stef\u00fchrerb\u00fcro\u00a0Residenz Touristik<br \/>\nSilvia Adam<br \/>\nKonkordienstr. 2<br \/>\n01127 Dresden<br \/>\nTel+Fax 0351 \/ 495 67 82<br \/>\n<a href=\"http:\/\/www.residenz-touristik.de\" target=\"_blank\" rel=\"noopener noreferrer\">www.residenz-touristik.de<br \/>\n<\/a><a href=\"mailto:info@stadtflitzerbude.de\" target=\"_blank\" rel=\"noopener noreferrer\">info@stadtflitzerbude.de<\/a><\/p>\n<p>Steuernummer: 203\/200\/05427<br \/>\nMitglied im Berufsverband Dresdner G\u00e4stef\u00fchrer e.V.<\/p>\n<p><span style=\"font-weight: bold;\">Haftungsausschluss:<\/span><br \/>\n<span class=\"Stil1\">Residenz Touristik \u00fcbernimmt keine Garantie f\u00fcr Inhalt, Vollst\u00e4ndigkeit bzw. Aktualit\u00e4t der bereitgestellten Informationen. Dies gilt insbesondere f\u00fcr alle Links, auf die diese Website direkt oder indirekt verweist. Residenz Touristik ist f\u00fcr den Inhalt einer Seite, die mit einem solchen Link erreicht wird, nicht verantwortlich.<\/span><\/p>\n<p><span class=\"Stil1\">Residenz Touristik beh\u00e4lt sich das Recht vor, ohne vorherige Ank\u00fcndigung \u00c4nderungen oder Erg\u00e4nzungen der Inhalte auf dieser Website vorzunehmen. Layout, Gestaltung sowie Bilder sind urheberrechtlich gesch\u00fctzt.<br \/>\nJegliche Weiterverwendung des Angebots darf nur mit Zustimmung des Betreibers erfolgen.<br \/>\nEs k\u00f6nnen immer geringf\u00fcgige Ausstattungs\u00e4nderungen auftreten. Bilder\u00a0 m\u00fcssen nicht genau dem Originalzustand entsprechen.<\/span><\/p>\n<p><span style=\"font-weight: bold;\">Konzept und Umsetzung:<\/span><br \/>\n<a style=\"font-weight: normal;\" href=\"http:\/\/www.printlayout-und-webdesign.de\" target=\"_blank\" rel=\"noopener noreferrer\">printlayout &amp; webdesign, Potsdam<\/a><\/p>\n<p><strong>Titelbild:<\/strong><br \/>\nNoppasin Wongchum\/shutterstock.com<\/p>\n<\/div>\n<\/div><\/div><\/div><div id=\"pgc-112-0-1\"  class=\"panel-grid-cell\" ><div id=\"panel-112-0-1-0\" class=\"so-panel widget widget_sow-image panel-first-child\" data-index=\"1\" ><div\n\t\t\t\n\t\t\tclass=\"so-widget-sow-image so-widget-sow-image-default-8b5b6f678277-112\"\n\t\t\t\n\t\t>\n<div class=\"sow-image-container\">\n\t\t<img \n\tsrc=\"https:\/\/www.stadtflitzerbude.de\/cms\/wp-content\/uploads\/2015\/02\/silvia-2-large.jpg\" width=\"600\" height=\"450\" srcset=\"https:\/\/www.stadtflitzerbude.de\/cms\/wp-content\/uploads\/2015\/02\/silvia-2-large.jpg 600w, https:\/\/www.stadtflitzerbude.de\/cms\/wp-content\/uploads\/2015\/02\/silvia-2-large-300x225.jpg 300w\" sizes=\"(max-width: 600px) 100vw, 600px\" alt=\"\" \t\tclass=\"so-widget-image\"\/>\n\t<\/div>\n\n<\/div><\/div><div id=\"panel-112-0-1-1\" class=\"so-panel widget widget_sow-image\" data-index=\"2\" ><div\n\t\t\t\n\t\t\tclass=\"so-widget-sow-image so-widget-sow-image-default-8b5b6f678277-112\"\n\t\t\t\n\t\t>\n<div class=\"sow-image-container\">\n\t\t<img \n\tsrc=\"https:\/\/www.stadtflitzerbude.de\/cms\/wp-content\/uploads\/2015\/02\/kontakt-stadtflitzerbude-large.jpg\" width=\"600\" height=\"450\" srcset=\"https:\/\/www.stadtflitzerbude.de\/cms\/wp-content\/uploads\/2015\/02\/kontakt-stadtflitzerbude-large.jpg 600w, https:\/\/www.stadtflitzerbude.de\/cms\/wp-content\/uploads\/2015\/02\/kontakt-stadtflitzerbude-large-300x225.jpg 300w\" sizes=\"(max-width: 600px) 100vw, 600px\" alt=\"\" \t\tclass=\"so-widget-image\"\/>\n\t<\/div>\n\n<\/div><\/div><div id=\"panel-112-0-1-2\" class=\"so-panel widget widget_sow-image panel-last-child\" data-index=\"3\" ><div\n\t\t\t\n\t\t\tclass=\"so-widget-sow-image so-widget-sow-image-default-8b5b6f678277-112\"\n\t\t\t\n\t\t>\n<div class=\"sow-image-container\">\n\t\t<img \n\tsrc=\"https:\/\/www.stadtflitzerbude.de\/cms\/wp-content\/uploads\/2015\/02\/fewo-stadtflitzer-dresden-large.jpg\" width=\"600\" height=\"450\" srcset=\"https:\/\/www.stadtflitzerbude.de\/cms\/wp-content\/uploads\/2015\/02\/fewo-stadtflitzer-dresden-large.jpg 600w, https:\/\/www.stadtflitzerbude.de\/cms\/wp-content\/uploads\/2015\/02\/fewo-stadtflitzer-dresden-large-300x225.jpg 300w\" sizes=\"(max-width: 600px) 100vw, 600px\" alt=\"\" \t\tclass=\"so-widget-image\"\/>\n\t<\/div>\n\n<\/div><\/div><\/div><\/div><\/div>","protected":false},"excerpt":{"rendered":"<p>Die Stadtflitzerbude geh\u00f6rt zum G\u00e4stef\u00fchrerb\u00fcro\u00a0Residenz Touristik Silvia Adam Konkordienstr. 2 01127 Dresden Tel+Fax 0351 \/ 495 67 82 www.residenz-touristik.de info@stadtflitzerbude.de Steuernummer: 203\/200\/05427 Mitglied im Berufsverband Dresdner G\u00e4stef\u00fchrer e.V. Haftungsausschluss: Residenz Touristik \u00fcbernimmt keine Garantie f\u00fcr Inhalt, Vollst\u00e4ndigkeit bzw. Aktualit\u00e4t der bereitgestellten Informationen. Dies gilt insbesondere f\u00fcr alle Links, auf die diese Website direkt oder indirekt verweist. Residenz Touristik ist f\u00fcr den Inhalt einer Seite, die mit einem solchen Link erreicht wird, nicht verantwortlich. Residenz Touristik beh\u00e4lt sich das Recht vor, ohne vorherige Ank\u00fcndigung \u00c4nderungen oder Erg\u00e4nzungen der Inhalte auf dieser Website vorzunehmen. Layout, Gestaltung sowie Bilder sind urheberrechtlich gesch\u00fctzt. Jegliche Weiterverwendung des Angebots darf nur mit Zustimmung des Betreibers erfolgen. Es k\u00f6nnen immer geringf\u00fcgige Ausstattungs\u00e4nderungen auftreten. Bilder\u00a0 m\u00fcssen nicht genau dem Originalzustand entsprechen. Konzept und Umsetzung: printlayout &amp; webdesign, Potsdam Titelbild: Noppasin Wongchum\/shutterstock.com<\/p>\n","protected":false},"author":1,"featured_media":0,"parent":0,"menu_order":13,"comment_status":"closed","ping_status":"open","template":"","meta":{"footnotes":""},"class_list":["post-112","page","type-page","status-publish","hentry"],"yoast_head":"<!-- This site is optimized with the Yoast SEO plugin v27.3 - https:\/\/yoast.com\/product\/yoast-seo-wordpress\/ -->\n<title>Impressum - Stadtflitzerbude<\/title>\n<meta name=\"robots\" content=\"index, follow, max-snippet:-1, max-image-preview:large, max-video-preview:-1\" \/>\n<link rel=\"canonical\" href=\"https:\/\/www.stadtflitzerbude.de\/cms\/impressum\/\" \/>\n<meta property=\"og:locale\" content=\"de_DE\" \/>\n<meta property=\"og:type\" content=\"article\" \/>\n<meta property=\"og:title\" content=\"Impressum - Stadtflitzerbude\" \/>\n<meta property=\"og:description\" content=\"Die Stadtflitzerbude geh\u00f6rt zum G\u00e4stef\u00fchrerb\u00fcro\u00a0Residenz Touristik Silvia Adam Konkordienstr. 2 01127 Dresden Tel+Fax 0351 \/ 495 67 82 www.residenz-touristik.de info@stadtflitzerbude.de Steuernummer: 203\/200\/05427 Mitglied im Berufsverband Dresdner G\u00e4stef\u00fchrer e.V. Haftungsausschluss: Residenz Touristik \u00fcbernimmt keine Garantie f\u00fcr Inhalt, Vollst\u00e4ndigkeit bzw. Aktualit\u00e4t der bereitgestellten Informationen. Dies gilt insbesondere f\u00fcr alle Links, auf die diese Website direkt oder indirekt verweist. Residenz Touristik ist f\u00fcr den Inhalt einer Seite, die mit einem solchen Link erreicht wird, nicht verantwortlich. Residenz Touristik beh\u00e4lt sich das Recht vor, ohne vorherige Ank\u00fcndigung \u00c4nderungen oder Erg\u00e4nzungen der Inhalte auf dieser Website vorzunehmen. Layout, Gestaltung sowie Bilder sind urheberrechtlich gesch\u00fctzt. Jegliche Weiterverwendung des Angebots darf nur mit Zustimmung des Betreibers erfolgen. Es k\u00f6nnen immer geringf\u00fcgige Ausstattungs\u00e4nderungen auftreten. Bilder\u00a0 m\u00fcssen nicht genau dem Originalzustand entsprechen. Konzept und Umsetzung: printlayout &amp; webdesign, Potsdam Titelbild: Noppasin Wongchum\/shutterstock.com\" \/>\n<meta property=\"og:url\" content=\"https:\/\/www.stadtflitzerbude.de\/cms\/impressum\/\" \/>\n<meta property=\"og:site_name\" content=\"Stadtflitzerbude\" \/>\n<meta property=\"article:modified_time\" content=\"2025-07-26T08:04:56+00:00\" \/>\n<meta name=\"twitter:label1\" content=\"Gesch\u00e4tzte Lesezeit\" \/>\n\t<meta name=\"twitter:data1\" content=\"2\u00a0Minuten\" \/>\n<script type=\"application\/ld+json\" class=\"yoast-schema-graph\">{\"@context\":\"https:\\\/\\\/schema.org\",\"@graph\":[{\"@type\":\"WebPage\",\"@id\":\"https:\\\/\\\/www.stadtflitzerbude.de\\\/cms\\\/impressum\\\/\",\"url\":\"https:\\\/\\\/www.stadtflitzerbude.de\\\/cms\\\/impressum\\\/\",\"name\":\"Impressum - Stadtflitzerbude\",\"isPartOf\":{\"@id\":\"https:\\\/\\\/www.stadtflitzerbude.de\\\/cms\\\/#website\"},\"datePublished\":\"2015-02-26T20:49:12+00:00\",\"dateModified\":\"2025-07-26T08:04:56+00:00\",\"breadcrumb\":{\"@id\":\"https:\\\/\\\/www.stadtflitzerbude.de\\\/cms\\\/impressum\\\/#breadcrumb\"},\"inLanguage\":\"de\",\"potentialAction\":[{\"@type\":\"ReadAction\",\"target\":[\"https:\\\/\\\/www.stadtflitzerbude.de\\\/cms\\\/impressum\\\/\"]}]},{\"@type\":\"BreadcrumbList\",\"@id\":\"https:\\\/\\\/www.stadtflitzerbude.de\\\/cms\\\/impressum\\\/#breadcrumb\",\"itemListElement\":[{\"@type\":\"ListItem\",\"position\":1,\"name\":\"Home\",\"item\":\"https:\\\/\\\/www.stadtflitzerbude.de\\\/cms\\\/\"},{\"@type\":\"ListItem\",\"position\":2,\"name\":\"Impressum\"}]},{\"@type\":\"WebSite\",\"@id\":\"https:\\\/\\\/www.stadtflitzerbude.de\\\/cms\\\/#website\",\"url\":\"https:\\\/\\\/www.stadtflitzerbude.de\\\/cms\\\/\",\"name\":\"Stadtflitzerbude\",\"description\":\"Ferienwohnungen in Dresden\",\"potentialAction\":[{\"@type\":\"SearchAction\",\"target\":{\"@type\":\"EntryPoint\",\"urlTemplate\":\"https:\\\/\\\/www.stadtflitzerbude.de\\\/cms\\\/?s={search_term_string}\"},\"query-input\":{\"@type\":\"PropertyValueSpecification\",\"valueRequired\":true,\"valueName\":\"search_term_string\"}}],\"inLanguage\":\"de\"}]}<\/script>\n<!-- \/ Yoast SEO plugin. -->","yoast_head_json":{"title":"Impressum - Stadtflitzerbude","robots":{"index":"index","follow":"follow","max-snippet":"max-snippet:-1","max-image-preview":"max-image-preview:large","max-video-preview":"max-video-preview:-1"},"canonical":"https:\/\/www.stadtflitzerbude.de\/cms\/impressum\/","og_locale":"de_DE","og_type":"article","og_title":"Impressum - Stadtflitzerbude","og_description":"Die Stadtflitzerbude geh\u00f6rt zum G\u00e4stef\u00fchrerb\u00fcro\u00a0Residenz Touristik Silvia Adam Konkordienstr. 2 01127 Dresden Tel+Fax 0351 \/ 495 67 82 www.residenz-touristik.de info@stadtflitzerbude.de Steuernummer: 203\/200\/05427 Mitglied im Berufsverband Dresdner G\u00e4stef\u00fchrer e.V. Haftungsausschluss: Residenz Touristik \u00fcbernimmt keine Garantie f\u00fcr Inhalt, Vollst\u00e4ndigkeit bzw. Aktualit\u00e4t der bereitgestellten Informationen. Dies gilt insbesondere f\u00fcr alle Links, auf die diese Website direkt oder indirekt verweist. Residenz Touristik ist f\u00fcr den Inhalt einer Seite, die mit einem solchen Link erreicht wird, nicht verantwortlich. Residenz Touristik beh\u00e4lt sich das Recht vor, ohne vorherige Ank\u00fcndigung \u00c4nderungen oder Erg\u00e4nzungen der Inhalte auf dieser Website vorzunehmen. Layout, Gestaltung sowie Bilder sind urheberrechtlich gesch\u00fctzt. Jegliche Weiterverwendung des Angebots darf nur mit Zustimmung des Betreibers erfolgen. Es k\u00f6nnen immer geringf\u00fcgige Ausstattungs\u00e4nderungen auftreten. Bilder\u00a0 m\u00fcssen nicht genau dem Originalzustand entsprechen. Konzept und Umsetzung: printlayout &amp; webdesign, Potsdam Titelbild: Noppasin Wongchum\/shutterstock.com","og_url":"https:\/\/www.stadtflitzerbude.de\/cms\/impressum\/","og_site_name":"Stadtflitzerbude","article_modified_time":"2025-07-26T08:04:56+00:00","twitter_misc":{"Gesch\u00e4tzte Lesezeit":"2\u00a0Minuten"},"schema":{"@context":"https:\/\/schema.org","@graph":[{"@type":"WebPage","@id":"https:\/\/www.stadtflitzerbude.de\/cms\/impressum\/","url":"https:\/\/www.stadtflitzerbude.de\/cms\/impressum\/","name":"Impressum - Stadtflitzerbude","isPartOf":{"@id":"https:\/\/www.stadtflitzerbude.de\/cms\/#website"},"datePublished":"2015-02-26T20:49:12+00:00","dateModified":"2025-07-26T08:04:56+00:00","breadcrumb":{"@id":"https:\/\/www.stadtflitzerbude.de\/cms\/impressum\/#breadcrumb"},"inLanguage":"de","potentialAction":[{"@type":"ReadAction","target":["https:\/\/www.stadtflitzerbude.de\/cms\/impressum\/"]}]},{"@type":"BreadcrumbList","@id":"https:\/\/www.stadtflitzerbude.de\/cms\/impressum\/#breadcrumb","itemListElement":[{"@type":"ListItem","position":1,"name":"Home","item":"https:\/\/www.stadtflitzerbude.de\/cms\/"},{"@type":"ListItem","position":2,"name":"Impressum"}]},{"@type":"WebSite","@id":"https:\/\/www.stadtflitzerbude.de\/cms\/#website","url":"https:\/\/www.stadtflitzerbude.de\/cms\/","name":"Stadtflitzerbude","description":"Ferienwohnungen in Dresden","potentialAction":[{"@type":"SearchAction","target":{"@type":"EntryPoint","urlTemplate":"https:\/\/www.stadtflitzerbude.de\/cms\/?s={search_term_string}"},"query-input":{"@type":"PropertyValueSpecification","valueRequired":true,"valueName":"search_term_string"}}],"inLanguage":"de"}]}},"_links":{"self":[{"href":"https:\/\/www.stadtflitzerbude.de\/cms\/wp-json\/wp\/v2\/pages\/112","targetHints":{"allow":["GET"]}}],"collection":[{"href":"https:\/\/www.stadtflitzerbude.de\/cms\/wp-json\/wp\/v2\/pages"}],"about":[{"href":"https:\/\/www.stadtflitzerbude.de\/cms\/wp-json\/wp\/v2\/types\/page"}],"author":[{"embeddable":true,"href":"https:\/\/www.stadtflitzerbude.de\/cms\/wp-json\/wp\/v2\/users\/1"}],"replies":[{"embeddable":true,"href":"https:\/\/www.stadtflitzerbude.de\/cms\/wp-json\/wp\/v2\/comments?post=112"}],"version-history":[{"count":10,"href":"https:\/\/www.stadtflitzerbude.de\/cms\/wp-json\/wp\/v2\/pages\/112\/revisions"}],"predecessor-version":[{"id":1010,"href":"https:\/\/www.stadtflitzerbude.de\/cms\/wp-json\/wp\/v2\/pages\/112\/revisions\/1010"}],"wp:attachment":[{"href":"https:\/\/www.stadtflitzerbude.de\/cms\/wp-json\/wp\/v2\/media?parent=112"}],"curies":[{"name":"wp","href":"https:\/\/api.w.org\/{rel}","templated":true}]}}