{"id":458,"date":"2020-06-25T10:17:14","date_gmt":"2020-06-25T08:17:14","guid":{"rendered":"http:\/\/www.stadtflitzerbude.de\/cms\/?page_id=458"},"modified":"2025-01-03T10:11:47","modified_gmt":"2025-01-03T08:11:47","slug":"robur","status":"publish","type":"page","link":"https:\/\/www.stadtflitzerbude.de\/cms\/wohnungen\/robur\/","title":{"rendered":"DDR Oldtimerbus Robur Gelb"},"content":{"rendered":"<div id=\"pl-458\"  class=\"panel-layout\" ><div id=\"pg-458-0\"  class=\"panel-grid panel-no-style\" ><div id=\"pgc-458-0-0\"  class=\"panel-grid-cell\" ><div id=\"panel-458-0-0-0\" class=\"so-panel widget widget_sow-editor panel-first-child panel-last-child\" data-index=\"0\" ><div\n\t\t\t\n\t\t\tclass=\"so-widget-sow-editor so-widget-sow-editor-base\"\n\t\t\t\n\t\t>\n<div class=\"siteorigin-widget-tinymce textwidget\">\n\t<div class=\"art-content-layout\">\n<div class=\"art-content-layout-row\">\n<div class=\"art-layout-cell\">\n<p style=\"text-align: left;\"><a href=\"https:\/\/www.stadtflitzerbude.de\/cms\/wp-content\/uploads\/2020\/06\/bearbeitet-Robur-5.jpg\" rel=\"lightbox\" data-rel=\"lightbox-image-0\" data-imagelightbox=\"0\" data-rl_title=\"\" data-rl_caption=\"\" title=\"\"><img loading=\"lazy\" decoding=\"async\" class=\"alignleft wp-image-466\" style=\"float: left; margin: 3px 10px 3px 0px;\" src=\"https:\/\/www.stadtflitzerbude.de\/cms\/wp-content\/uploads\/2020\/06\/bearbeitet-Robur-5-300x200.jpg\" alt=\"\" width=\"150\" height=\"100\" srcset=\"https:\/\/www.stadtflitzerbude.de\/cms\/wp-content\/uploads\/2020\/06\/bearbeitet-Robur-5-300x200.jpg 300w, https:\/\/www.stadtflitzerbude.de\/cms\/wp-content\/uploads\/2020\/06\/bearbeitet-Robur-5-1024x682.jpg 1024w, https:\/\/www.stadtflitzerbude.de\/cms\/wp-content\/uploads\/2020\/06\/bearbeitet-Robur-5-768x511.jpg 768w, https:\/\/www.stadtflitzerbude.de\/cms\/wp-content\/uploads\/2020\/06\/bearbeitet-Robur-5.jpg 1364w\" sizes=\"auto, (max-width: 150px) 100vw, 150px\" \/><\/a>Wohnen im DDR Oldtimer Robur LO 3000 aus Zittau \u2013 das ist Campingfeeling pur!<\/p>\n<p style=\"text-align: left;\">Die DDR-Punkband \"Feeling B\" nutzte solch einen Robur als Tourbus.<\/p>\n<p style=\"text-align: left;\">Diesen Robur LO 3000 Mehrzweckwagen haben wir als Wohnmobil mit 4 Schlafpl\u00e4tzen, Dusche, WC und K\u00fcche ausgebaut.<\/p>\n<p>Zum Bus k\u00f6nnen Sie einen kleinen Vorgarten nutzen, wo Sie gem\u00fctlich sitzen und nach einem anstrengenden Stadtbummel die F\u00fc\u00dfe hochlegen k\u00f6nnen. Im Kofferradio gibt es dazu die passende DDR-Musik.<\/p>\n<p>Wir haben f\u00fcr unsere G\u00e4ste ein W\u00e4schepaket vorbereitet: 2 Handt\u00fccher, Bettw\u00e4sche, Geschirrtuch.<br \/>\nBitte die Betten selbst beziehen und wieder abziehen.<\/p>\n<\/div>\n<\/div>\n<\/div>\n<p>1 gro\u00dfes Bett 1,60 x 2,00 m<br \/>\n2 kleine Betten 0,80 x 1,90 m<br \/>\nStehh\u00f6he im Bus 1,68 m<br \/>\nStehh\u00f6he im Bus (Dachluke) 1,82 m<br \/>\nStehh\u00f6he in der Dusche 1,73 m<\/p>\n<p>Bei Abreise den Bus besenrein verlassen.<\/p>\n<\/div>\n<\/div><\/div><\/div><\/div><div id=\"pg-458-1\"  class=\"panel-grid panel-no-style\" ><div id=\"pgc-458-1-0\"  class=\"panel-grid-cell panel-grid-cell-empty\" ><\/div><div id=\"pgc-458-1-1\"  class=\"panel-grid-cell panel-grid-cell-mobile-last\" ><div id=\"panel-458-1-1-0\" class=\"so-panel widget widget_sow-editor panel-first-child panel-last-child\" data-index=\"1\" ><div\n\t\t\t\n\t\t\tclass=\"so-widget-sow-editor so-widget-sow-editor-base\"\n\t\t\t\n\t\t>\n<div class=\"siteorigin-widget-tinymce textwidget\">\n\t<div class=\"rl-gallery-container splide rl-loading\" id=\"rl-gallery-container-1\" data-gallery_id=\"603\"> <div class=\"rl-gallery rl-basicslider-gallery splide__track rl-hover-effect-1 rl-hover-icon-2\" id=\"rl-gallery-1\" data-gallery_no=\"1\"> <ul class=\"splide__list\"> <li class=\"rl-gallery-item splide__slide\" data-thumb=\"https:\/\/www.stadtflitzerbude.de\/cms\/wp-content\/uploads\/2025\/08\/IMG-20250821-WA0016.jpg\"> <a href=\"https:\/\/www.stadtflitzerbude.de\/cms\/wp-content\/uploads\/2025\/08\/IMG-20250821-WA0016.jpg\" title=\"\" data-rl_title=\"\" class=\"rl-gallery-link\" data-rl_caption=\"\" data-rel=\"lightbox-gallery-1\"><img loading=\"lazy\" decoding=\"async\" src=\"https:\/\/www.stadtflitzerbude.de\/cms\/wp-content\/uploads\/2025\/08\/IMG-20250821-WA0016.jpg\" width=\"864\" height=\"864\" alt=\"\" \/><\/a> <\/li> <li class=\"rl-gallery-item splide__slide\" data-thumb=\"https:\/\/www.stadtflitzerbude.de\/cms\/wp-content\/uploads\/2025\/07\/WhatsApp-Bild-2025-07-04-um-16.36.29_27b44050-1024x1024.jpg\"> <a href=\"https:\/\/www.stadtflitzerbude.de\/cms\/wp-content\/uploads\/2025\/07\/WhatsApp-Bild-2025-07-04-um-16.36.29_27b44050.jpg\" title=\"\" data-rl_title=\"\" class=\"rl-gallery-link\" data-rl_caption=\"\" data-rel=\"lightbox-gallery-1\"><img loading=\"lazy\" decoding=\"async\" src=\"https:\/\/www.stadtflitzerbude.de\/cms\/wp-content\/uploads\/2025\/07\/WhatsApp-Bild-2025-07-04-um-16.36.29_27b44050-1024x1024.jpg\" width=\"960\" height=\"960\" alt=\"\" \/><\/a> <\/li> <li class=\"rl-gallery-item splide__slide\" data-thumb=\"https:\/\/www.stadtflitzerbude.de\/cms\/wp-content\/uploads\/2025\/07\/IMG-20250704-WA0180-1024x1024.jpg\"> <a href=\"https:\/\/www.stadtflitzerbude.de\/cms\/wp-content\/uploads\/2025\/07\/IMG-20250704-WA0180.jpg\" title=\"\" data-rl_title=\"\" class=\"rl-gallery-link\" data-rl_caption=\"\" data-rel=\"lightbox-gallery-1\"><img loading=\"lazy\" decoding=\"async\" src=\"https:\/\/www.stadtflitzerbude.de\/cms\/wp-content\/uploads\/2025\/07\/IMG-20250704-WA0180-1024x1024.jpg\" width=\"960\" height=\"960\" alt=\"\" \/><\/a> <\/li> <li class=\"rl-gallery-item splide__slide\" data-thumb=\"https:\/\/www.stadtflitzerbude.de\/cms\/wp-content\/uploads\/2025\/07\/IMG-20250704-WA0178-1024x1024.jpg\"> <a href=\"https:\/\/www.stadtflitzerbude.de\/cms\/wp-content\/uploads\/2025\/07\/IMG-20250704-WA0178.jpg\" title=\"\" data-rl_title=\"\" class=\"rl-gallery-link\" data-rl_caption=\"\" data-rel=\"lightbox-gallery-1\"><img loading=\"lazy\" decoding=\"async\" src=\"https:\/\/www.stadtflitzerbude.de\/cms\/wp-content\/uploads\/2025\/07\/IMG-20250704-WA0178-1024x1024.jpg\" width=\"960\" height=\"960\" alt=\"\" \/><\/a> <\/li> <li class=\"rl-gallery-item splide__slide\" data-thumb=\"https:\/\/www.stadtflitzerbude.de\/cms\/wp-content\/uploads\/2020\/06\/bearbeitet-Robur-6-1024x682.jpg\"> <a href=\"https:\/\/www.stadtflitzerbude.de\/cms\/wp-content\/uploads\/2020\/06\/bearbeitet-Robur-6.jpg\" title=\"\" data-rl_title=\"\" class=\"rl-gallery-link\" data-rl_caption=\"\" data-rel=\"lightbox-gallery-1\"><img loading=\"lazy\" decoding=\"async\" src=\"https:\/\/www.stadtflitzerbude.de\/cms\/wp-content\/uploads\/2020\/06\/bearbeitet-Robur-6-1024x682.jpg\" width=\"960\" height=\"639\" alt=\"\" \/><\/a> <\/li> <li class=\"rl-gallery-item splide__slide\" data-thumb=\"https:\/\/www.stadtflitzerbude.de\/cms\/wp-content\/uploads\/2020\/06\/bearbeitet-Robur-8-1024x682.jpg\"> <a href=\"https:\/\/www.stadtflitzerbude.de\/cms\/wp-content\/uploads\/2020\/06\/bearbeitet-Robur-8.jpg\" title=\"\" data-rl_title=\"\" class=\"rl-gallery-link\" data-rl_caption=\"\" data-rel=\"lightbox-gallery-1\"><img loading=\"lazy\" decoding=\"async\" src=\"https:\/\/www.stadtflitzerbude.de\/cms\/wp-content\/uploads\/2020\/06\/bearbeitet-Robur-8-1024x682.jpg\" width=\"960\" height=\"639\" alt=\"\" \/><\/a> <\/li> <li class=\"rl-gallery-item splide__slide\" data-thumb=\"https:\/\/www.stadtflitzerbude.de\/cms\/wp-content\/uploads\/2020\/06\/bearbeitet-Robur-3-1024x682.jpg\"> <a href=\"https:\/\/www.stadtflitzerbude.de\/cms\/wp-content\/uploads\/2020\/06\/bearbeitet-Robur-3.jpg\" title=\"\" data-rl_title=\"\" class=\"rl-gallery-link\" data-rl_caption=\"\" data-rel=\"lightbox-gallery-1\"><img loading=\"lazy\" decoding=\"async\" src=\"https:\/\/www.stadtflitzerbude.de\/cms\/wp-content\/uploads\/2020\/06\/bearbeitet-Robur-3-1024x682.jpg\" width=\"960\" height=\"639\" alt=\"\" \/><\/a> <\/li> <li class=\"rl-gallery-item splide__slide\" data-thumb=\"https:\/\/www.stadtflitzerbude.de\/cms\/wp-content\/uploads\/2020\/06\/bearbeitet-Robur-9-1024x682.jpg\"> <a href=\"https:\/\/www.stadtflitzerbude.de\/cms\/wp-content\/uploads\/2020\/06\/bearbeitet-Robur-9.jpg\" title=\"\" data-rl_title=\"\" class=\"rl-gallery-link\" data-rl_caption=\"\" data-rel=\"lightbox-gallery-1\"><img loading=\"lazy\" decoding=\"async\" src=\"https:\/\/www.stadtflitzerbude.de\/cms\/wp-content\/uploads\/2020\/06\/bearbeitet-Robur-9-1024x682.jpg\" width=\"960\" height=\"639\" alt=\"\" \/><\/a> <\/li> <li class=\"rl-gallery-item splide__slide\" data-thumb=\"https:\/\/www.stadtflitzerbude.de\/cms\/wp-content\/uploads\/2020\/06\/bearbeitet-Robur-7-1024x682.jpg\"> <a href=\"https:\/\/www.stadtflitzerbude.de\/cms\/wp-content\/uploads\/2020\/06\/bearbeitet-Robur-7.jpg\" title=\"\" data-rl_title=\"\" class=\"rl-gallery-link\" data-rl_caption=\"\" data-rel=\"lightbox-gallery-1\"><img loading=\"lazy\" decoding=\"async\" src=\"https:\/\/www.stadtflitzerbude.de\/cms\/wp-content\/uploads\/2020\/06\/bearbeitet-Robur-7-1024x682.jpg\" width=\"960\" height=\"639\" alt=\"\" \/><\/a> <\/li> <li class=\"rl-gallery-item splide__slide\" data-thumb=\"https:\/\/www.stadtflitzerbude.de\/cms\/wp-content\/uploads\/2020\/06\/bearbeitet-Robur-13-1024x682.jpg\"> <a href=\"https:\/\/www.stadtflitzerbude.de\/cms\/wp-content\/uploads\/2020\/06\/bearbeitet-Robur-13.jpg\" title=\"\" data-rl_title=\"\" class=\"rl-gallery-link\" data-rl_caption=\"\" data-rel=\"lightbox-gallery-1\"><img loading=\"lazy\" decoding=\"async\" src=\"https:\/\/www.stadtflitzerbude.de\/cms\/wp-content\/uploads\/2020\/06\/bearbeitet-Robur-13-1024x682.jpg\" width=\"960\" height=\"639\" alt=\"\" \/><\/a> <\/li> <li class=\"rl-gallery-item splide__slide\" data-thumb=\"https:\/\/www.stadtflitzerbude.de\/cms\/wp-content\/uploads\/2020\/06\/bearbeitet-Robur-15-1024x682.jpg\"> <a href=\"https:\/\/www.stadtflitzerbude.de\/cms\/wp-content\/uploads\/2020\/06\/bearbeitet-Robur-15.jpg\" title=\"\" data-rl_title=\"\" class=\"rl-gallery-link\" data-rl_caption=\"\" data-rel=\"lightbox-gallery-1\"><img loading=\"lazy\" decoding=\"async\" src=\"https:\/\/www.stadtflitzerbude.de\/cms\/wp-content\/uploads\/2020\/06\/bearbeitet-Robur-15-1024x682.jpg\" width=\"960\" height=\"639\" alt=\"\" \/><\/a> <\/li> <li class=\"rl-gallery-item splide__slide\" data-thumb=\"https:\/\/www.stadtflitzerbude.de\/cms\/wp-content\/uploads\/2020\/06\/bearbeitet-Robur-14-1024x682.jpg\"> <a href=\"https:\/\/www.stadtflitzerbude.de\/cms\/wp-content\/uploads\/2020\/06\/bearbeitet-Robur-14.jpg\" title=\"\" data-rl_title=\"\" class=\"rl-gallery-link\" data-rl_caption=\"\" data-rel=\"lightbox-gallery-1\"><img loading=\"lazy\" decoding=\"async\" src=\"https:\/\/www.stadtflitzerbude.de\/cms\/wp-content\/uploads\/2020\/06\/bearbeitet-Robur-14-1024x682.jpg\" width=\"960\" height=\"639\" alt=\"\" \/><\/a> <\/li> <li class=\"rl-gallery-item splide__slide\" data-thumb=\"https:\/\/www.stadtflitzerbude.de\/cms\/wp-content\/uploads\/2020\/06\/bearbeitet-Robur-11-1024x682.jpg\"> <a href=\"https:\/\/www.stadtflitzerbude.de\/cms\/wp-content\/uploads\/2020\/06\/bearbeitet-Robur-11.jpg\" title=\"\" data-rl_title=\"\" class=\"rl-gallery-link\" data-rl_caption=\"\" data-rel=\"lightbox-gallery-1\"><img loading=\"lazy\" decoding=\"async\" src=\"https:\/\/www.stadtflitzerbude.de\/cms\/wp-content\/uploads\/2020\/06\/bearbeitet-Robur-11-1024x682.jpg\" width=\"960\" height=\"639\" alt=\"\" \/><\/a> <\/li> <li class=\"rl-gallery-item splide__slide\" data-thumb=\"https:\/\/www.stadtflitzerbude.de\/cms\/wp-content\/uploads\/2020\/06\/bearbeitet-Robur-12-682x1024.jpg\"> <a href=\"https:\/\/www.stadtflitzerbude.de\/cms\/wp-content\/uploads\/2020\/06\/bearbeitet-Robur-12.jpg\" title=\"\" data-rl_title=\"\" class=\"rl-gallery-link\" data-rl_caption=\"\" data-rel=\"lightbox-gallery-1\"><img loading=\"lazy\" decoding=\"async\" src=\"https:\/\/www.stadtflitzerbude.de\/cms\/wp-content\/uploads\/2020\/06\/bearbeitet-Robur-12-682x1024.jpg\" width=\"682\" height=\"1024\" alt=\"\" \/><\/a> <\/li> <\/ul> <\/div> <\/div>\n<\/div>\n<\/div><\/div><\/div><div id=\"pgc-458-1-2\"  class=\"panel-grid-cell panel-grid-cell-empty\" ><\/div><\/div><div id=\"pg-458-2\"  class=\"panel-grid panel-no-style\" ><div id=\"pgc-458-2-0\"  class=\"panel-grid-cell\" ><div id=\"panel-458-2-0-0\" class=\"so-panel widget widget_sow-editor panel-first-child panel-last-child\" data-index=\"2\" ><div\n\t\t\t\n\t\t\tclass=\"so-widget-sow-editor so-widget-sow-editor-base\"\n\t\t\t\n\t\t>\n<div class=\"siteorigin-widget-tinymce textwidget\">\n\t<\/div>\n<\/div><\/div><\/div><\/div><\/div>","protected":false},"excerpt":{"rendered":"<p>Wohnen im DDR Oldtimer Robur LO 3000 aus Zittau \u2013 das ist Campingfeeling pur! Die DDR-Punkband &#8222;Feeling B&#8220; nutzte solch einen Robur als Tourbus. Diesen Robur LO 3000 Mehrzweckwagen haben wir als Wohnmobil mit 4 Schlafpl\u00e4tzen, Dusche, WC und K\u00fcche ausgebaut. Zum Bus k\u00f6nnen Sie einen kleinen Vorgarten nutzen, wo Sie gem\u00fctlich sitzen und nach einem anstrengenden Stadtbummel die F\u00fc\u00dfe hochlegen k\u00f6nnen. Im Kofferradio gibt es dazu die passende DDR-Musik. Wir haben f\u00fcr unsere G\u00e4ste ein W\u00e4schepaket vorbereitet: 2 Handt\u00fccher, Bettw\u00e4sche, Geschirrtuch. Bitte die Betten selbst beziehen und wieder abziehen. 1 gro\u00dfes Bett 1,60 x 2,00 m 2 kleine Betten 0,80 x 1,90 m Stehh\u00f6he im Bus 1,68 m Stehh\u00f6he im Bus (Dachluke) 1,82 m Stehh\u00f6he in der Dusche 1,73 m Bei Abreise den Bus besenrein verlassen.<\/p>\n","protected":false},"author":1,"featured_media":0,"parent":101,"menu_order":8,"comment_status":"closed","ping_status":"closed","template":"","meta":{"footnotes":""},"class_list":["post-458","page","type-page","status-publish","hentry"],"yoast_head":"<!-- This site is optimized with the Yoast SEO plugin v27.5 - https:\/\/yoast.com\/product\/yoast-seo-wordpress\/ -->\n<title>DDR Oldtimerbus Robur Gelb - Stadtflitzerbude<\/title>\n<meta name=\"robots\" content=\"index, follow, max-snippet:-1, max-image-preview:large, max-video-preview:-1\" \/>\n<link rel=\"canonical\" href=\"https:\/\/www.stadtflitzerbude.de\/cms\/wohnungen\/robur\/\" \/>\n<meta property=\"og:locale\" content=\"de_DE\" \/>\n<meta property=\"og:type\" content=\"article\" \/>\n<meta property=\"og:title\" content=\"DDR Oldtimerbus Robur Gelb - Stadtflitzerbude\" \/>\n<meta property=\"og:description\" content=\"Wohnen im DDR Oldtimer Robur LO 3000 aus Zittau \u2013 das ist Campingfeeling pur! Die DDR-Punkband &quot;Feeling B&quot; nutzte solch einen Robur als Tourbus. Diesen Robur LO 3000 Mehrzweckwagen haben wir als Wohnmobil mit 4 Schlafpl\u00e4tzen, Dusche, WC und K\u00fcche ausgebaut. Zum Bus k\u00f6nnen Sie einen kleinen Vorgarten nutzen, wo Sie gem\u00fctlich sitzen und nach einem anstrengenden Stadtbummel die F\u00fc\u00dfe hochlegen k\u00f6nnen. Im Kofferradio gibt es dazu die passende DDR-Musik. Wir haben f\u00fcr unsere G\u00e4ste ein W\u00e4schepaket vorbereitet: 2 Handt\u00fccher, Bettw\u00e4sche, Geschirrtuch. Bitte die Betten selbst beziehen und wieder abziehen. 1 gro\u00dfes Bett 1,60 x 2,00 m 2 kleine Betten 0,80 x 1,90 m Stehh\u00f6he im Bus 1,68 m Stehh\u00f6he im Bus (Dachluke) 1,82 m Stehh\u00f6he in der Dusche 1,73 m Bei Abreise den Bus besenrein verlassen.\" \/>\n<meta property=\"og:url\" content=\"https:\/\/www.stadtflitzerbude.de\/cms\/wohnungen\/robur\/\" \/>\n<meta property=\"og:site_name\" content=\"Stadtflitzerbude\" \/>\n<meta property=\"article:modified_time\" content=\"2025-01-03T08:11:47+00:00\" \/>\n<meta property=\"og:image\" content=\"https:\/\/www.stadtflitzerbude.de\/cms\/wp-content\/uploads\/2020\/06\/bearbeitet-Robur-5.jpg\" \/>\n\t<meta property=\"og:image:width\" content=\"1364\" \/>\n\t<meta property=\"og:image:height\" content=\"908\" \/>\n\t<meta property=\"og:image:type\" content=\"image\/jpeg\" \/>\n<meta name=\"twitter:label1\" content=\"Gesch\u00e4tzte Lesezeit\" \/>\n\t<meta name=\"twitter:data1\" content=\"8\u00a0Minuten\" \/>\n<script type=\"application\/ld+json\" class=\"yoast-schema-graph\">{\"@context\":\"https:\\\/\\\/schema.org\",\"@graph\":[{\"@type\":\"WebPage\",\"@id\":\"https:\\\/\\\/www.stadtflitzerbude.de\\\/cms\\\/wohnungen\\\/robur\\\/\",\"url\":\"https:\\\/\\\/www.stadtflitzerbude.de\\\/cms\\\/wohnungen\\\/robur\\\/\",\"name\":\"DDR Oldtimerbus Robur Gelb - Stadtflitzerbude\",\"isPartOf\":{\"@id\":\"https:\\\/\\\/www.stadtflitzerbude.de\\\/cms\\\/#website\"},\"primaryImageOfPage\":{\"@id\":\"https:\\\/\\\/www.stadtflitzerbude.de\\\/cms\\\/wohnungen\\\/robur\\\/#primaryimage\"},\"image\":{\"@id\":\"https:\\\/\\\/www.stadtflitzerbude.de\\\/cms\\\/wohnungen\\\/robur\\\/#primaryimage\"},\"thumbnailUrl\":\"https:\\\/\\\/www.stadtflitzerbude.de\\\/cms\\\/wp-content\\\/uploads\\\/2020\\\/06\\\/bearbeitet-Robur-5-300x200.jpg\",\"datePublished\":\"2020-06-25T08:17:14+00:00\",\"dateModified\":\"2025-01-03T08:11:47+00:00\",\"breadcrumb\":{\"@id\":\"https:\\\/\\\/www.stadtflitzerbude.de\\\/cms\\\/wohnungen\\\/robur\\\/#breadcrumb\"},\"inLanguage\":\"de\",\"potentialAction\":[{\"@type\":\"ReadAction\",\"target\":[\"https:\\\/\\\/www.stadtflitzerbude.de\\\/cms\\\/wohnungen\\\/robur\\\/\"]}]},{\"@type\":\"ImageObject\",\"inLanguage\":\"de\",\"@id\":\"https:\\\/\\\/www.stadtflitzerbude.de\\\/cms\\\/wohnungen\\\/robur\\\/#primaryimage\",\"url\":\"https:\\\/\\\/www.stadtflitzerbude.de\\\/cms\\\/wp-content\\\/uploads\\\/2020\\\/06\\\/bearbeitet-Robur-5.jpg\",\"contentUrl\":\"https:\\\/\\\/www.stadtflitzerbude.de\\\/cms\\\/wp-content\\\/uploads\\\/2020\\\/06\\\/bearbeitet-Robur-5.jpg\",\"width\":1364,\"height\":908},{\"@type\":\"BreadcrumbList\",\"@id\":\"https:\\\/\\\/www.stadtflitzerbude.de\\\/cms\\\/wohnungen\\\/robur\\\/#breadcrumb\",\"itemListElement\":[{\"@type\":\"ListItem\",\"position\":1,\"name\":\"Home\",\"item\":\"https:\\\/\\\/www.stadtflitzerbude.de\\\/cms\\\/\"},{\"@type\":\"ListItem\",\"position\":2,\"name\":\"Die Wohnungen\",\"item\":\"https:\\\/\\\/www.stadtflitzerbude.de\\\/cms\\\/wohnungen\\\/\"},{\"@type\":\"ListItem\",\"position\":3,\"name\":\"DDR Oldtimerbus Robur Gelb\"}]},{\"@type\":\"WebSite\",\"@id\":\"https:\\\/\\\/www.stadtflitzerbude.de\\\/cms\\\/#website\",\"url\":\"https:\\\/\\\/www.stadtflitzerbude.de\\\/cms\\\/\",\"name\":\"Stadtflitzerbude\",\"description\":\"Ferienwohnungen in Dresden\",\"potentialAction\":[{\"@type\":\"SearchAction\",\"target\":{\"@type\":\"EntryPoint\",\"urlTemplate\":\"https:\\\/\\\/www.stadtflitzerbude.de\\\/cms\\\/?s={search_term_string}\"},\"query-input\":{\"@type\":\"PropertyValueSpecification\",\"valueRequired\":true,\"valueName\":\"search_term_string\"}}],\"inLanguage\":\"de\"}]}<\/script>\n<!-- \/ Yoast SEO plugin. -->","yoast_head_json":{"title":"DDR Oldtimerbus Robur Gelb - Stadtflitzerbude","robots":{"index":"index","follow":"follow","max-snippet":"max-snippet:-1","max-image-preview":"max-image-preview:large","max-video-preview":"max-video-preview:-1"},"canonical":"https:\/\/www.stadtflitzerbude.de\/cms\/wohnungen\/robur\/","og_locale":"de_DE","og_type":"article","og_title":"DDR Oldtimerbus Robur Gelb - Stadtflitzerbude","og_description":"Wohnen im DDR Oldtimer Robur LO 3000 aus Zittau \u2013 das ist Campingfeeling pur! Die DDR-Punkband \"Feeling B\" nutzte solch einen Robur als Tourbus. Diesen Robur LO 3000 Mehrzweckwagen haben wir als Wohnmobil mit 4 Schlafpl\u00e4tzen, Dusche, WC und K\u00fcche ausgebaut. Zum Bus k\u00f6nnen Sie einen kleinen Vorgarten nutzen, wo Sie gem\u00fctlich sitzen und nach einem anstrengenden Stadtbummel die F\u00fc\u00dfe hochlegen k\u00f6nnen. Im Kofferradio gibt es dazu die passende DDR-Musik. Wir haben f\u00fcr unsere G\u00e4ste ein W\u00e4schepaket vorbereitet: 2 Handt\u00fccher, Bettw\u00e4sche, Geschirrtuch. Bitte die Betten selbst beziehen und wieder abziehen. 1 gro\u00dfes Bett 1,60 x 2,00 m 2 kleine Betten 0,80 x 1,90 m Stehh\u00f6he im Bus 1,68 m Stehh\u00f6he im Bus (Dachluke) 1,82 m Stehh\u00f6he in der Dusche 1,73 m Bei Abreise den Bus besenrein verlassen.","og_url":"https:\/\/www.stadtflitzerbude.de\/cms\/wohnungen\/robur\/","og_site_name":"Stadtflitzerbude","article_modified_time":"2025-01-03T08:11:47+00:00","og_image":[{"width":1364,"height":908,"url":"https:\/\/www.stadtflitzerbude.de\/cms\/wp-content\/uploads\/2020\/06\/bearbeitet-Robur-5.jpg","type":"image\/jpeg"}],"twitter_misc":{"Gesch\u00e4tzte Lesezeit":"8\u00a0Minuten"},"schema":{"@context":"https:\/\/schema.org","@graph":[{"@type":"WebPage","@id":"https:\/\/www.stadtflitzerbude.de\/cms\/wohnungen\/robur\/","url":"https:\/\/www.stadtflitzerbude.de\/cms\/wohnungen\/robur\/","name":"DDR Oldtimerbus Robur Gelb - Stadtflitzerbude","isPartOf":{"@id":"https:\/\/www.stadtflitzerbude.de\/cms\/#website"},"primaryImageOfPage":{"@id":"https:\/\/www.stadtflitzerbude.de\/cms\/wohnungen\/robur\/#primaryimage"},"image":{"@id":"https:\/\/www.stadtflitzerbude.de\/cms\/wohnungen\/robur\/#primaryimage"},"thumbnailUrl":"https:\/\/www.stadtflitzerbude.de\/cms\/wp-content\/uploads\/2020\/06\/bearbeitet-Robur-5-300x200.jpg","datePublished":"2020-06-25T08:17:14+00:00","dateModified":"2025-01-03T08:11:47+00:00","breadcrumb":{"@id":"https:\/\/www.stadtflitzerbude.de\/cms\/wohnungen\/robur\/#breadcrumb"},"inLanguage":"de","potentialAction":[{"@type":"ReadAction","target":["https:\/\/www.stadtflitzerbude.de\/cms\/wohnungen\/robur\/"]}]},{"@type":"ImageObject","inLanguage":"de","@id":"https:\/\/www.stadtflitzerbude.de\/cms\/wohnungen\/robur\/#primaryimage","url":"https:\/\/www.stadtflitzerbude.de\/cms\/wp-content\/uploads\/2020\/06\/bearbeitet-Robur-5.jpg","contentUrl":"https:\/\/www.stadtflitzerbude.de\/cms\/wp-content\/uploads\/2020\/06\/bearbeitet-Robur-5.jpg","width":1364,"height":908},{"@type":"BreadcrumbList","@id":"https:\/\/www.stadtflitzerbude.de\/cms\/wohnungen\/robur\/#breadcrumb","itemListElement":[{"@type":"ListItem","position":1,"name":"Home","item":"https:\/\/www.stadtflitzerbude.de\/cms\/"},{"@type":"ListItem","position":2,"name":"Die Wohnungen","item":"https:\/\/www.stadtflitzerbude.de\/cms\/wohnungen\/"},{"@type":"ListItem","position":3,"name":"DDR Oldtimerbus Robur Gelb"}]},{"@type":"WebSite","@id":"https:\/\/www.stadtflitzerbude.de\/cms\/#website","url":"https:\/\/www.stadtflitzerbude.de\/cms\/","name":"Stadtflitzerbude","description":"Ferienwohnungen in Dresden","potentialAction":[{"@type":"SearchAction","target":{"@type":"EntryPoint","urlTemplate":"https:\/\/www.stadtflitzerbude.de\/cms\/?s={search_term_string}"},"query-input":{"@type":"PropertyValueSpecification","valueRequired":true,"valueName":"search_term_string"}}],"inLanguage":"de"}]}},"_links":{"self":[{"href":"https:\/\/www.stadtflitzerbude.de\/cms\/wp-json\/wp\/v2\/pages\/458","targetHints":{"allow":["GET"]}}],"collection":[{"href":"https:\/\/www.stadtflitzerbude.de\/cms\/wp-json\/wp\/v2\/pages"}],"about":[{"href":"https:\/\/www.stadtflitzerbude.de\/cms\/wp-json\/wp\/v2\/types\/page"}],"author":[{"embeddable":true,"href":"https:\/\/www.stadtflitzerbude.de\/cms\/wp-json\/wp\/v2\/users\/1"}],"replies":[{"embeddable":true,"href":"https:\/\/www.stadtflitzerbude.de\/cms\/wp-json\/wp\/v2\/comments?post=458"}],"version-history":[{"count":46,"href":"https:\/\/www.stadtflitzerbude.de\/cms\/wp-json\/wp\/v2\/pages\/458\/revisions"}],"predecessor-version":[{"id":936,"href":"https:\/\/www.stadtflitzerbude.de\/cms\/wp-json\/wp\/v2\/pages\/458\/revisions\/936"}],"up":[{"embeddable":true,"href":"https:\/\/www.stadtflitzerbude.de\/cms\/wp-json\/wp\/v2\/pages\/101"}],"wp:attachment":[{"href":"https:\/\/www.stadtflitzerbude.de\/cms\/wp-json\/wp\/v2\/media?parent=458"}],"curies":[{"name":"wp","href":"https:\/\/api.w.org\/{rel}","templated":true}]}}