{"id":529,"date":"2021-05-06T08:37:59","date_gmt":"2021-05-06T06:37:59","guid":{"rendered":"http:\/\/www.stadtflitzerbude.de\/cms\/?page_id=529"},"modified":"2026-01-09T14:35:15","modified_gmt":"2026-01-09T12:35:15","slug":"ferienwohnung-strandhuette","status":"publish","type":"page","link":"https:\/\/www.stadtflitzerbude.de\/cms\/wohnungen\/ferienwohnung-strandhuette\/","title":{"rendered":"Ferienwohnung &#8222;Strandh\u00fctte&#8220;"},"content":{"rendered":"<div id=\"pl-529\"  class=\"panel-layout\" ><div id=\"pg-529-0\"  class=\"panel-grid panel-no-style\" ><div id=\"pgc-529-0-0\"  class=\"panel-grid-cell\" ><div id=\"panel-529-0-0-0\" class=\"so-panel widget widget_sow-editor panel-first-child panel-last-child\" data-index=\"0\" ><div\n\t\t\t\n\t\t\tclass=\"so-widget-sow-editor so-widget-sow-editor-base\"\n\t\t\t\n\t\t>\n<div class=\"siteorigin-widget-tinymce textwidget\">\n\t<p style=\"text-align: left;\"><a href=\"https:\/\/www.stadtflitzerbude.de\/cms\/wp-content\/uploads\/2021\/05\/fewo-strandhuette-0.jpg\" data-rel=\"lightbox-image-0\" data-imagelightbox=\"0\" data-rl_title=\"\" data-rl_caption=\"\" title=\"\"><img loading=\"lazy\" decoding=\"async\" class=\"alignleft wp-image-554\" style=\"float: left; margin: 3px 10px 3px 0px;\" src=\"https:\/\/www.stadtflitzerbude.de\/cms\/wp-content\/uploads\/2021\/05\/fewo-strandhuette-0-225x300.jpg\" alt=\"\" width=\"150\" height=\"200\" srcset=\"https:\/\/www.stadtflitzerbude.de\/cms\/wp-content\/uploads\/2021\/05\/fewo-strandhuette-0-225x300.jpg 225w, https:\/\/www.stadtflitzerbude.de\/cms\/wp-content\/uploads\/2021\/05\/fewo-strandhuette-0.jpg 500w\" sizes=\"auto, (max-width: 150px) 100vw, 150px\" \/><\/a>Fernwehtr\u00e4ume in der Strandh\u00fctte.<br \/>\nGem\u00fctliche 1-Raumwohnung f\u00fcr bis zu 3 Personen.<br \/>\nMindestmietzeit: 2 N\u00e4chte.<\/p>\n<p style=\"text-align: left;\">Wir lieben Dresden, aber schauen uns gern in der fernen Welt um. Von unseren Urlauben haben wir uns bei dieser Wohnung inspirieren lassen.<\/p>\n<p style=\"text-align: left;\">Die Wohnung hat einen K\u00fcchenbereich mit Cerankochfeld f\u00fcr 2 T\u00f6pfe, Kaffeemaschine, Wasserkocher, Toaster, Geschirrsp\u00fcler.<br \/>\nK\u00fcche ist komplett mit Geschirr, Gl\u00e4sern, Besteck und T\u00f6pfen ausgestattet.<\/p>\n<p style=\"text-align: left;\">Zwei Betten, 0,90 x 2 m, k\u00f6nnen auseinander stehen oder als Doppelbett zusammengeschoben werden.<br \/>\nF\u00fcr eine dritte Person gibt es einen bequemen Schlafsessel, 0,84 x 2 m, der auch ein bequemes Bett bietet.<\/p>\n<p style=\"text-align: left;\">Im Bad gibt es eine Dusche, WC, Waschbecken. Hier haben wir den K\u00fchlschrank versteckt, damit unsere G\u00e4ste nicht durch seine Ger\u00e4usche im Schlaf gest\u00f6rt werden.<\/p>\n<p style=\"text-align: left;\">Die Wohnung befindet sich im Erdgeschoss. Vor der Wohnung befindet sich eine kleine Terrasse f\u00fcr unsere G\u00e4ste der Strandh\u00fctte.<\/p>\n<p>&nbsp;<\/p>\n<p>Wir haben f\u00fcr unsere G\u00e4ste ein W\u00e4schepaket vorbereitet: 2 Handt\u00fccher, Bettw\u00e4sche, Geschirrtuch.<br \/>\nBitte die Betten selbst beziehen und wieder abziehen.<\/p>\n<\/div>\n<\/div><\/div><\/div><\/div><div id=\"pg-529-1\"  class=\"panel-grid panel-no-style\" ><div id=\"pgc-529-1-0\"  class=\"panel-grid-cell panel-grid-cell-empty\" ><\/div><div id=\"pgc-529-1-1\"  class=\"panel-grid-cell panel-grid-cell-mobile-last\" ><div id=\"panel-529-1-1-0\" class=\"so-panel widget widget_sow-editor panel-first-child panel-last-child\" data-index=\"1\" ><div\n\t\t\t\n\t\t\tclass=\"so-widget-sow-editor so-widget-sow-editor-base\"\n\t\t\t\n\t\t>\n<div class=\"siteorigin-widget-tinymce textwidget\">\n\t<div class=\"rl-gallery-container splide rl-loading\" id=\"rl-gallery-container-1\" data-gallery_id=\"565\"> <div class=\"rl-gallery rl-basicslider-gallery splide__track rl-hover-effect-1\" id=\"rl-gallery-1\" data-gallery_no=\"1\"> <ul class=\"splide__list\"> <li class=\"rl-gallery-item splide__slide\" data-thumb=\"https:\/\/www.stadtflitzerbude.de\/cms\/wp-content\/uploads\/2021\/05\/fewo-strandhuette-1.jpg\"> <a href=\"https:\/\/www.stadtflitzerbude.de\/cms\/wp-content\/uploads\/2021\/05\/fewo-strandhuette-1.jpg\" title=\"\" data-rl_title=\"\" class=\"rl-gallery-link\" data-rl_caption=\"\" data-rel=\"lightbox-gallery-1\"><img loading=\"lazy\" decoding=\"async\" src=\"https:\/\/www.stadtflitzerbude.de\/cms\/wp-content\/uploads\/2021\/05\/fewo-strandhuette-1.jpg\" width=\"800\" height=\"450\" alt=\"\" \/><\/a> <\/li> <li class=\"rl-gallery-item splide__slide\" data-thumb=\"https:\/\/www.stadtflitzerbude.de\/cms\/wp-content\/uploads\/2021\/05\/fewo-strandhuette-3.jpg\"> <a href=\"https:\/\/www.stadtflitzerbude.de\/cms\/wp-content\/uploads\/2021\/05\/fewo-strandhuette-3.jpg\" title=\"\" data-rl_title=\"\" class=\"rl-gallery-link\" data-rl_caption=\"\" data-rel=\"lightbox-gallery-1\"><img loading=\"lazy\" decoding=\"async\" src=\"https:\/\/www.stadtflitzerbude.de\/cms\/wp-content\/uploads\/2021\/05\/fewo-strandhuette-3.jpg\" width=\"800\" height=\"450\" alt=\"\" \/><\/a> <\/li> <li class=\"rl-gallery-item splide__slide\" data-thumb=\"https:\/\/www.stadtflitzerbude.de\/cms\/wp-content\/uploads\/2025\/12\/20251202_140406.jpg\"> <a href=\"https:\/\/www.stadtflitzerbude.de\/cms\/wp-content\/uploads\/2025\/12\/20251202_140406.jpg\" title=\"\" data-rl_title=\"\" class=\"rl-gallery-link\" data-rl_caption=\"\" data-rel=\"lightbox-gallery-1\"><img loading=\"lazy\" decoding=\"async\" src=\"https:\/\/www.stadtflitzerbude.de\/cms\/wp-content\/uploads\/2025\/12\/20251202_140406.jpg\" width=\"750\" height=\"1000\" alt=\"\" \/><\/a> <\/li> <li class=\"rl-gallery-item splide__slide\" data-thumb=\"https:\/\/www.stadtflitzerbude.de\/cms\/wp-content\/uploads\/2025\/12\/20251202_140353.jpg\"> <a href=\"https:\/\/www.stadtflitzerbude.de\/cms\/wp-content\/uploads\/2025\/12\/20251202_140353.jpg\" title=\"\" data-rl_title=\"\" class=\"rl-gallery-link\" data-rl_caption=\"\" data-rel=\"lightbox-gallery-1\"><img loading=\"lazy\" decoding=\"async\" src=\"https:\/\/www.stadtflitzerbude.de\/cms\/wp-content\/uploads\/2025\/12\/20251202_140353.jpg\" width=\"750\" height=\"1000\" alt=\"\" \/><\/a> <\/li> <li class=\"rl-gallery-item splide__slide\" data-thumb=\"https:\/\/www.stadtflitzerbude.de\/cms\/wp-content\/uploads\/2021\/05\/fewo-strandhuette-2.jpg\"> <a href=\"https:\/\/www.stadtflitzerbude.de\/cms\/wp-content\/uploads\/2021\/05\/fewo-strandhuette-2.jpg\" title=\"\" data-rl_title=\"\" class=\"rl-gallery-link\" data-rl_caption=\"\" data-rel=\"lightbox-gallery-1\"><img loading=\"lazy\" decoding=\"async\" src=\"https:\/\/www.stadtflitzerbude.de\/cms\/wp-content\/uploads\/2021\/05\/fewo-strandhuette-2.jpg\" width=\"800\" height=\"450\" alt=\"\" \/><\/a> <\/li> <li class=\"rl-gallery-item splide__slide\" data-thumb=\"https:\/\/www.stadtflitzerbude.de\/cms\/wp-content\/uploads\/2025\/12\/20251202_140325.jpg\"> <a href=\"https:\/\/www.stadtflitzerbude.de\/cms\/wp-content\/uploads\/2025\/12\/20251202_140325.jpg\" title=\"\" data-rl_title=\"\" class=\"rl-gallery-link\" data-rl_caption=\"\" data-rel=\"lightbox-gallery-1\"><img loading=\"lazy\" decoding=\"async\" src=\"https:\/\/www.stadtflitzerbude.de\/cms\/wp-content\/uploads\/2025\/12\/20251202_140325.jpg\" width=\"960\" height=\"720\" alt=\"\" \/><\/a> <\/li> <li class=\"rl-gallery-item splide__slide\" data-thumb=\"https:\/\/www.stadtflitzerbude.de\/cms\/wp-content\/uploads\/2025\/12\/20251202_140320.jpg\"> <a href=\"https:\/\/www.stadtflitzerbude.de\/cms\/wp-content\/uploads\/2025\/12\/20251202_140320.jpg\" title=\"\" data-rl_title=\"\" class=\"rl-gallery-link\" data-rl_caption=\"\" data-rel=\"lightbox-gallery-1\"><img loading=\"lazy\" decoding=\"async\" src=\"https:\/\/www.stadtflitzerbude.de\/cms\/wp-content\/uploads\/2025\/12\/20251202_140320.jpg\" width=\"750\" height=\"1000\" alt=\"\" \/><\/a> <\/li> <li class=\"rl-gallery-item splide__slide\" data-thumb=\"https:\/\/www.stadtflitzerbude.de\/cms\/wp-content\/uploads\/2021\/05\/fewo-strandhuette-4.jpg\"> <a href=\"https:\/\/www.stadtflitzerbude.de\/cms\/wp-content\/uploads\/2021\/05\/fewo-strandhuette-4.jpg\" title=\"\" data-rl_title=\"\" class=\"rl-gallery-link\" data-rl_caption=\"\" data-rel=\"lightbox-gallery-1\"><img loading=\"lazy\" decoding=\"async\" src=\"https:\/\/www.stadtflitzerbude.de\/cms\/wp-content\/uploads\/2021\/05\/fewo-strandhuette-4.jpg\" width=\"800\" height=\"450\" alt=\"\" \/><\/a> <\/li> <\/ul> <\/div> <\/div>\n<\/div>\n<\/div><\/div><\/div><div id=\"pgc-529-1-2\"  class=\"panel-grid-cell panel-grid-cell-empty\" ><\/div><\/div><div id=\"pg-529-2\"  class=\"panel-grid panel-no-style\" ><div id=\"pgc-529-2-0\"  class=\"panel-grid-cell\" ><div id=\"panel-529-2-0-0\" class=\"so-panel widget widget_sow-editor panel-first-child panel-last-child\" data-index=\"2\" ><div\n\t\t\t\n\t\t\tclass=\"so-widget-sow-editor so-widget-sow-editor-base\"\n\t\t\t\n\t\t>\n<div class=\"siteorigin-widget-tinymce textwidget\">\n\t<h4>Belegungsplan<\/h4>\n<p><iframe loading=\"lazy\" src=\"https:\/\/www.ferienzentrum.de\/home\/belegungsplan\/413598.html?18487\" name=\"app_kalender\" width=\"100%\" height=\"1400\" frameborder=\"0\"><\/iframe><\/p>\n<\/div>\n<\/div><\/div><\/div><\/div><\/div>","protected":false},"excerpt":{"rendered":"<p>Fernwehtr\u00e4ume in der Strandh\u00fctte. Gem\u00fctliche 1-Raumwohnung f\u00fcr bis zu 3 Personen. Mindestmietzeit: 2 N\u00e4chte. Wir lieben Dresden, aber schauen uns gern in der fernen Welt um. Von unseren Urlauben haben wir uns bei dieser Wohnung inspirieren lassen. Die Wohnung hat einen K\u00fcchenbereich mit Cerankochfeld f\u00fcr 2 T\u00f6pfe, Kaffeemaschine, Wasserkocher, Toaster, Geschirrsp\u00fcler. K\u00fcche ist komplett mit Geschirr, Gl\u00e4sern, Besteck und T\u00f6pfen ausgestattet. Zwei Betten, 0,90 x 2 m, k\u00f6nnen auseinander stehen oder als Doppelbett zusammengeschoben werden. F\u00fcr eine dritte Person gibt es einen bequemen Schlafsessel, 0,84 x 2 m, der auch ein bequemes Bett bietet. Im Bad gibt es eine Dusche, WC, Waschbecken. Hier haben wir den K\u00fchlschrank versteckt, damit unsere G\u00e4ste nicht durch seine Ger\u00e4usche im Schlaf gest\u00f6rt werden. Die Wohnung befindet sich im Erdgeschoss. Vor der Wohnung befindet sich eine kleine Terrasse f\u00fcr unsere G\u00e4ste der Strandh\u00fctte. &nbsp; Wir haben f\u00fcr unsere G\u00e4ste ein W\u00e4schepaket vorbereitet: 2 Handt\u00fccher, Bettw\u00e4sche, Geschirrtuch. Bitte die Betten selbst beziehen und wieder abziehen.<\/p>\n","protected":false},"author":1,"featured_media":0,"parent":101,"menu_order":6,"comment_status":"closed","ping_status":"closed","template":"","meta":{"footnotes":""},"class_list":["post-529","page","type-page","status-publish","hentry"],"yoast_head":"<!-- This site is optimized with the Yoast SEO plugin v27.3 - https:\/\/yoast.com\/product\/yoast-seo-wordpress\/ -->\n<title>Ferienwohnung &quot;Strandh\u00fctte&quot; - Stadtflitzerbude<\/title>\n<meta name=\"robots\" content=\"index, follow, max-snippet:-1, max-image-preview:large, max-video-preview:-1\" \/>\n<link rel=\"canonical\" href=\"https:\/\/www.stadtflitzerbude.de\/cms\/wohnungen\/ferienwohnung-strandhuette\/\" \/>\n<meta property=\"og:locale\" content=\"de_DE\" \/>\n<meta property=\"og:type\" content=\"article\" \/>\n<meta property=\"og:title\" content=\"Ferienwohnung &quot;Strandh\u00fctte&quot; - Stadtflitzerbude\" \/>\n<meta property=\"og:description\" content=\"Fernwehtr\u00e4ume in der Strandh\u00fctte. Gem\u00fctliche 1-Raumwohnung f\u00fcr bis zu 3 Personen. Mindestmietzeit: 2 N\u00e4chte. Wir lieben Dresden, aber schauen uns gern in der fernen Welt um. Von unseren Urlauben haben wir uns bei dieser Wohnung inspirieren lassen. Die Wohnung hat einen K\u00fcchenbereich mit Cerankochfeld f\u00fcr 2 T\u00f6pfe, Kaffeemaschine, Wasserkocher, Toaster, Geschirrsp\u00fcler. K\u00fcche ist komplett mit Geschirr, Gl\u00e4sern, Besteck und T\u00f6pfen ausgestattet. Zwei Betten, 0,90 x 2 m, k\u00f6nnen auseinander stehen oder als Doppelbett zusammengeschoben werden. F\u00fcr eine dritte Person gibt es einen bequemen Schlafsessel, 0,84 x 2 m, der auch ein bequemes Bett bietet. Im Bad gibt es eine Dusche, WC, Waschbecken. Hier haben wir den K\u00fchlschrank versteckt, damit unsere G\u00e4ste nicht durch seine Ger\u00e4usche im Schlaf gest\u00f6rt werden. Die Wohnung befindet sich im Erdgeschoss. Vor der Wohnung befindet sich eine kleine Terrasse f\u00fcr unsere G\u00e4ste der Strandh\u00fctte. &nbsp; Wir haben f\u00fcr unsere G\u00e4ste ein W\u00e4schepaket vorbereitet: 2 Handt\u00fccher, Bettw\u00e4sche, Geschirrtuch. Bitte die Betten selbst beziehen und wieder abziehen.\" \/>\n<meta property=\"og:url\" content=\"https:\/\/www.stadtflitzerbude.de\/cms\/wohnungen\/ferienwohnung-strandhuette\/\" \/>\n<meta property=\"og:site_name\" content=\"Stadtflitzerbude\" \/>\n<meta property=\"article:modified_time\" content=\"2026-01-09T12:35:15+00:00\" \/>\n<meta property=\"og:image\" content=\"https:\/\/www.stadtflitzerbude.de\/cms\/wp-content\/uploads\/2021\/05\/fewo-strandhuette-0.jpg\" \/>\n\t<meta property=\"og:image:width\" content=\"500\" \/>\n\t<meta property=\"og:image:height\" content=\"667\" \/>\n\t<meta property=\"og:image:type\" content=\"image\/jpeg\" \/>\n<meta name=\"twitter:label1\" content=\"Gesch\u00e4tzte Lesezeit\" \/>\n\t<meta name=\"twitter:data1\" content=\"3\u00a0Minuten\" \/>\n<script type=\"application\/ld+json\" class=\"yoast-schema-graph\">{\"@context\":\"https:\\\/\\\/schema.org\",\"@graph\":[{\"@type\":\"WebPage\",\"@id\":\"https:\\\/\\\/www.stadtflitzerbude.de\\\/cms\\\/wohnungen\\\/ferienwohnung-strandhuette\\\/\",\"url\":\"https:\\\/\\\/www.stadtflitzerbude.de\\\/cms\\\/wohnungen\\\/ferienwohnung-strandhuette\\\/\",\"name\":\"Ferienwohnung \\\"Strandh\u00fctte\\\" - Stadtflitzerbude\",\"isPartOf\":{\"@id\":\"https:\\\/\\\/www.stadtflitzerbude.de\\\/cms\\\/#website\"},\"primaryImageOfPage\":{\"@id\":\"https:\\\/\\\/www.stadtflitzerbude.de\\\/cms\\\/wohnungen\\\/ferienwohnung-strandhuette\\\/#primaryimage\"},\"image\":{\"@id\":\"https:\\\/\\\/www.stadtflitzerbude.de\\\/cms\\\/wohnungen\\\/ferienwohnung-strandhuette\\\/#primaryimage\"},\"thumbnailUrl\":\"https:\\\/\\\/www.stadtflitzerbude.de\\\/cms\\\/wp-content\\\/uploads\\\/2021\\\/05\\\/fewo-strandhuette-0-225x300.jpg\",\"datePublished\":\"2021-05-06T06:37:59+00:00\",\"dateModified\":\"2026-01-09T12:35:15+00:00\",\"breadcrumb\":{\"@id\":\"https:\\\/\\\/www.stadtflitzerbude.de\\\/cms\\\/wohnungen\\\/ferienwohnung-strandhuette\\\/#breadcrumb\"},\"inLanguage\":\"de\",\"potentialAction\":[{\"@type\":\"ReadAction\",\"target\":[\"https:\\\/\\\/www.stadtflitzerbude.de\\\/cms\\\/wohnungen\\\/ferienwohnung-strandhuette\\\/\"]}]},{\"@type\":\"ImageObject\",\"inLanguage\":\"de\",\"@id\":\"https:\\\/\\\/www.stadtflitzerbude.de\\\/cms\\\/wohnungen\\\/ferienwohnung-strandhuette\\\/#primaryimage\",\"url\":\"https:\\\/\\\/www.stadtflitzerbude.de\\\/cms\\\/wp-content\\\/uploads\\\/2021\\\/05\\\/fewo-strandhuette-0.jpg\",\"contentUrl\":\"https:\\\/\\\/www.stadtflitzerbude.de\\\/cms\\\/wp-content\\\/uploads\\\/2021\\\/05\\\/fewo-strandhuette-0.jpg\",\"width\":500,\"height\":667},{\"@type\":\"BreadcrumbList\",\"@id\":\"https:\\\/\\\/www.stadtflitzerbude.de\\\/cms\\\/wohnungen\\\/ferienwohnung-strandhuette\\\/#breadcrumb\",\"itemListElement\":[{\"@type\":\"ListItem\",\"position\":1,\"name\":\"Home\",\"item\":\"https:\\\/\\\/www.stadtflitzerbude.de\\\/cms\\\/\"},{\"@type\":\"ListItem\",\"position\":2,\"name\":\"Die Wohnungen\",\"item\":\"https:\\\/\\\/www.stadtflitzerbude.de\\\/cms\\\/wohnungen\\\/\"},{\"@type\":\"ListItem\",\"position\":3,\"name\":\"Ferienwohnung &#8222;Strandh\u00fctte&#8220;\"}]},{\"@type\":\"WebSite\",\"@id\":\"https:\\\/\\\/www.stadtflitzerbude.de\\\/cms\\\/#website\",\"url\":\"https:\\\/\\\/www.stadtflitzerbude.de\\\/cms\\\/\",\"name\":\"Stadtflitzerbude\",\"description\":\"Ferienwohnungen in Dresden\",\"potentialAction\":[{\"@type\":\"SearchAction\",\"target\":{\"@type\":\"EntryPoint\",\"urlTemplate\":\"https:\\\/\\\/www.stadtflitzerbude.de\\\/cms\\\/?s={search_term_string}\"},\"query-input\":{\"@type\":\"PropertyValueSpecification\",\"valueRequired\":true,\"valueName\":\"search_term_string\"}}],\"inLanguage\":\"de\"}]}<\/script>\n<!-- \/ Yoast SEO plugin. -->","yoast_head_json":{"title":"Ferienwohnung \"Strandh\u00fctte\" - Stadtflitzerbude","robots":{"index":"index","follow":"follow","max-snippet":"max-snippet:-1","max-image-preview":"max-image-preview:large","max-video-preview":"max-video-preview:-1"},"canonical":"https:\/\/www.stadtflitzerbude.de\/cms\/wohnungen\/ferienwohnung-strandhuette\/","og_locale":"de_DE","og_type":"article","og_title":"Ferienwohnung \"Strandh\u00fctte\" - Stadtflitzerbude","og_description":"Fernwehtr\u00e4ume in der Strandh\u00fctte. Gem\u00fctliche 1-Raumwohnung f\u00fcr bis zu 3 Personen. Mindestmietzeit: 2 N\u00e4chte. Wir lieben Dresden, aber schauen uns gern in der fernen Welt um. Von unseren Urlauben haben wir uns bei dieser Wohnung inspirieren lassen. Die Wohnung hat einen K\u00fcchenbereich mit Cerankochfeld f\u00fcr 2 T\u00f6pfe, Kaffeemaschine, Wasserkocher, Toaster, Geschirrsp\u00fcler. K\u00fcche ist komplett mit Geschirr, Gl\u00e4sern, Besteck und T\u00f6pfen ausgestattet. Zwei Betten, 0,90 x 2 m, k\u00f6nnen auseinander stehen oder als Doppelbett zusammengeschoben werden. F\u00fcr eine dritte Person gibt es einen bequemen Schlafsessel, 0,84 x 2 m, der auch ein bequemes Bett bietet. Im Bad gibt es eine Dusche, WC, Waschbecken. Hier haben wir den K\u00fchlschrank versteckt, damit unsere G\u00e4ste nicht durch seine Ger\u00e4usche im Schlaf gest\u00f6rt werden. Die Wohnung befindet sich im Erdgeschoss. Vor der Wohnung befindet sich eine kleine Terrasse f\u00fcr unsere G\u00e4ste der Strandh\u00fctte. &nbsp; Wir haben f\u00fcr unsere G\u00e4ste ein W\u00e4schepaket vorbereitet: 2 Handt\u00fccher, Bettw\u00e4sche, Geschirrtuch. Bitte die Betten selbst beziehen und wieder abziehen.","og_url":"https:\/\/www.stadtflitzerbude.de\/cms\/wohnungen\/ferienwohnung-strandhuette\/","og_site_name":"Stadtflitzerbude","article_modified_time":"2026-01-09T12:35:15+00:00","og_image":[{"width":500,"height":667,"url":"https:\/\/www.stadtflitzerbude.de\/cms\/wp-content\/uploads\/2021\/05\/fewo-strandhuette-0.jpg","type":"image\/jpeg"}],"twitter_misc":{"Gesch\u00e4tzte Lesezeit":"3\u00a0Minuten"},"schema":{"@context":"https:\/\/schema.org","@graph":[{"@type":"WebPage","@id":"https:\/\/www.stadtflitzerbude.de\/cms\/wohnungen\/ferienwohnung-strandhuette\/","url":"https:\/\/www.stadtflitzerbude.de\/cms\/wohnungen\/ferienwohnung-strandhuette\/","name":"Ferienwohnung \"Strandh\u00fctte\" - Stadtflitzerbude","isPartOf":{"@id":"https:\/\/www.stadtflitzerbude.de\/cms\/#website"},"primaryImageOfPage":{"@id":"https:\/\/www.stadtflitzerbude.de\/cms\/wohnungen\/ferienwohnung-strandhuette\/#primaryimage"},"image":{"@id":"https:\/\/www.stadtflitzerbude.de\/cms\/wohnungen\/ferienwohnung-strandhuette\/#primaryimage"},"thumbnailUrl":"https:\/\/www.stadtflitzerbude.de\/cms\/wp-content\/uploads\/2021\/05\/fewo-strandhuette-0-225x300.jpg","datePublished":"2021-05-06T06:37:59+00:00","dateModified":"2026-01-09T12:35:15+00:00","breadcrumb":{"@id":"https:\/\/www.stadtflitzerbude.de\/cms\/wohnungen\/ferienwohnung-strandhuette\/#breadcrumb"},"inLanguage":"de","potentialAction":[{"@type":"ReadAction","target":["https:\/\/www.stadtflitzerbude.de\/cms\/wohnungen\/ferienwohnung-strandhuette\/"]}]},{"@type":"ImageObject","inLanguage":"de","@id":"https:\/\/www.stadtflitzerbude.de\/cms\/wohnungen\/ferienwohnung-strandhuette\/#primaryimage","url":"https:\/\/www.stadtflitzerbude.de\/cms\/wp-content\/uploads\/2021\/05\/fewo-strandhuette-0.jpg","contentUrl":"https:\/\/www.stadtflitzerbude.de\/cms\/wp-content\/uploads\/2021\/05\/fewo-strandhuette-0.jpg","width":500,"height":667},{"@type":"BreadcrumbList","@id":"https:\/\/www.stadtflitzerbude.de\/cms\/wohnungen\/ferienwohnung-strandhuette\/#breadcrumb","itemListElement":[{"@type":"ListItem","position":1,"name":"Home","item":"https:\/\/www.stadtflitzerbude.de\/cms\/"},{"@type":"ListItem","position":2,"name":"Die Wohnungen","item":"https:\/\/www.stadtflitzerbude.de\/cms\/wohnungen\/"},{"@type":"ListItem","position":3,"name":"Ferienwohnung &#8222;Strandh\u00fctte&#8220;"}]},{"@type":"WebSite","@id":"https:\/\/www.stadtflitzerbude.de\/cms\/#website","url":"https:\/\/www.stadtflitzerbude.de\/cms\/","name":"Stadtflitzerbude","description":"Ferienwohnungen in Dresden","potentialAction":[{"@type":"SearchAction","target":{"@type":"EntryPoint","urlTemplate":"https:\/\/www.stadtflitzerbude.de\/cms\/?s={search_term_string}"},"query-input":{"@type":"PropertyValueSpecification","valueRequired":true,"valueName":"search_term_string"}}],"inLanguage":"de"}]}},"_links":{"self":[{"href":"https:\/\/www.stadtflitzerbude.de\/cms\/wp-json\/wp\/v2\/pages\/529","targetHints":{"allow":["GET"]}}],"collection":[{"href":"https:\/\/www.stadtflitzerbude.de\/cms\/wp-json\/wp\/v2\/pages"}],"about":[{"href":"https:\/\/www.stadtflitzerbude.de\/cms\/wp-json\/wp\/v2\/types\/page"}],"author":[{"embeddable":true,"href":"https:\/\/www.stadtflitzerbude.de\/cms\/wp-json\/wp\/v2\/users\/1"}],"replies":[{"embeddable":true,"href":"https:\/\/www.stadtflitzerbude.de\/cms\/wp-json\/wp\/v2\/comments?post=529"}],"version-history":[{"count":34,"href":"https:\/\/www.stadtflitzerbude.de\/cms\/wp-json\/wp\/v2\/pages\/529\/revisions"}],"predecessor-version":[{"id":532,"href":"https:\/\/www.stadtflitzerbude.de\/cms\/wp-json\/wp\/v2\/pages\/529\/revisions\/532"}],"up":[{"embeddable":true,"href":"https:\/\/www.stadtflitzerbude.de\/cms\/wp-json\/wp\/v2\/pages\/101"}],"wp:attachment":[{"href":"https:\/\/www.stadtflitzerbude.de\/cms\/wp-json\/wp\/v2\/media?parent=529"}],"curies":[{"name":"wp","href":"https:\/\/api.w.org\/{rel}","templated":true}]}}